{"id":97,"date":"2020-06-26T14:43:47","date_gmt":"2020-06-26T19:43:47","guid":{"rendered":"https:\/\/pm.barnes-miami.com\/?page_id=97"},"modified":"2022-05-27T12:27:34","modified_gmt":"2022-05-27T17:27:34","slug":"services","status":"publish","type":"page","link":"https:\/\/pm.barnes-miami.com\/fr\/services\/","title":{"rendered":"PRESTATIONS DE SERVICE"},"content":{"rendered":"<blockquote class=\"wp-block-quote\"><p><em>VOTRE PROPRI\u00c9T\u00c9, NOTRE PRIORIT\u00c9<\/em><\/p><\/blockquote>\n\n\n\n<figure class=\"wp-block-image size-large\"><img decoding=\"async\" loading=\"lazy\" width=\"1006\" height=\"490\" src=\"https:\/\/pm.barnes-miami.com\/wp-content\/uploads\/2020\/08\/Screen-Shot-2020-08-14-at-16.35.08.png\" alt=\"\" class=\"wp-image-126\" srcset=\"https:\/\/pm.barnes-miami.com\/wp-content\/uploads\/2020\/08\/Screen-Shot-2020-08-14-at-16.35.08.png 1006w, https:\/\/pm.barnes-miami.com\/wp-content\/uploads\/2020\/08\/Screen-Shot-2020-08-14-at-16.35.08-300x146.png 300w, https:\/\/pm.barnes-miami.com\/wp-content\/uploads\/2020\/08\/Screen-Shot-2020-08-14-at-16.35.08-768x374.png 768w\" sizes=\"(max-width: 1006px) 100vw, 1006px\" \/><\/figure>\n\n\n\n<p><\/p>\n\n\n\n<p>Barnes s&#039;engage \u00e0 r\u00e9pondre aux besoins du client. L&#039;entreprise veut \u00eatre certaine que les clients se sentent en s\u00e9curit\u00e9 et en confiance avec nous et que leurs propri\u00e9t\u00e9s sont entre de bonnes mains.<\/p>\n\n\n\n<div class=\"wp-block-image\"><figure class=\"alignright size-large is-resized\"><img decoding=\"async\" loading=\"lazy\" src=\"https:\/\/pm.barnes-miami.com\/wp-content\/uploads\/2022\/05\/2715-Cordova-St-Miami-FL-33134-42-1024x683.jpg\" alt=\"\" class=\"wp-image-312\" width=\"469\" height=\"312\" srcset=\"https:\/\/pm.barnes-miami.com\/wp-content\/uploads\/2022\/05\/2715-Cordova-St-Miami-FL-33134-42-1024x683.jpg 1024w, https:\/\/pm.barnes-miami.com\/wp-content\/uploads\/2022\/05\/2715-Cordova-St-Miami-FL-33134-42-300x200.jpg 300w, https:\/\/pm.barnes-miami.com\/wp-content\/uploads\/2022\/05\/2715-Cordova-St-Miami-FL-33134-42-768x512.jpg 768w, https:\/\/pm.barnes-miami.com\/wp-content\/uploads\/2022\/05\/2715-Cordova-St-Miami-FL-33134-42-1536x1025.jpg 1536w, https:\/\/pm.barnes-miami.com\/wp-content\/uploads\/2022\/05\/2715-Cordova-St-Miami-FL-33134-42-18x12.jpg 18w, https:\/\/pm.barnes-miami.com\/wp-content\/uploads\/2022\/05\/2715-Cordova-St-Miami-FL-33134-42.jpg 2000w\" sizes=\"(max-width: 469px) 100vw, 469px\" \/><\/figure><\/div>\n\n\n\n<p><strong>Nous avons deux missions diff\u00e9rentes :<\/strong> si votre propri\u00e9t\u00e9 est votre maison, nous nous occupons de votre entretien quotidien pour que vous profitiez pleinement de votre s\u00e9jour. Si votre maison est un immeuble de rapport, notre \u00e9quipe prend en charge tous vos d\u00e9sagr\u00e9ments pour faciliter votre processus de location.<\/p>\n\n\n\n<p>La gestion immobili\u00e8re permet aux clients de <strong>g\u00e9n\u00e9rer un nouveau revenu sur le long terme<\/strong>, et tous les besoins op\u00e9rationnels sont g\u00e9r\u00e9s pour eux.<\/p>\n\n\n\n<p>Nous sommes un d\u00e9partement de gestion immobili\u00e8re \u00e0 service complet, ils sont personnalis\u00e9s pour r\u00e9pondre \u00e0 vos besoins sp\u00e9cifiques et \u00e0 vos exigences immobili\u00e8res. Notre mission est de veiller \u00e0 ce que votre propri\u00e9t\u00e9 reste parfaite en <strong>le pr\u00e9parer, le surveiller et le maintenir.\u00a0<\/strong><\/p>\n\n\n\n<p>Les services de Barnes comprennent la repr\u00e9sentation des propri\u00e9taires et des locataires, le paiement des factures, l&#039;entretien des biens, les inspections, les relations avec les entrepreneurs, une expertise globale concernant les locataires de qualit\u00e9, les registres des revenus et des ch\u00e8ques, les renouvellements de LLC, la d\u00e9claration de revenus, les assurances, le service client proactif, la responsabilit\u00e9 des documents administratifs, tous types de r\u00e9parations par le biais d&#039;entrepreneurs superviseurs, d&#039;une surveillance de la propri\u00e9t\u00e9 sur place, mais surtout d&#039;un entretien global sous tous les angles de la propri\u00e9t\u00e9.<\/p>\n\n\n\n<div class=\"wp-block-image\"><figure class=\"alignright size-large is-resized\"><img decoding=\"async\" loading=\"lazy\" src=\"https:\/\/pm.barnes-miami.com\/wp-content\/uploads\/2022\/02\/istockphoto-1133129162-612x612-1.jpg\" alt=\"\" class=\"wp-image-240\" width=\"184\" height=\"184\" srcset=\"https:\/\/pm.barnes-miami.com\/wp-content\/uploads\/2022\/02\/istockphoto-1133129162-612x612-1.jpg 612w, https:\/\/pm.barnes-miami.com\/wp-content\/uploads\/2022\/02\/istockphoto-1133129162-612x612-1-300x300.jpg 300w, https:\/\/pm.barnes-miami.com\/wp-content\/uploads\/2022\/02\/istockphoto-1133129162-612x612-1-150x150.jpg 150w, https:\/\/pm.barnes-miami.com\/wp-content\/uploads\/2022\/02\/istockphoto-1133129162-612x612-1-12x12.jpg 12w\" sizes=\"(max-width: 184px) 100vw, 184px\" \/><\/figure><\/div>\n\n\n\n<p>Si une urgence se produit et que le probl\u00e8me ne peut pas attendre d&#039;\u00eatre r\u00e9solu, notre service d&#039;urgence 24h\/24 et 7j\/7 est disponible. <\/p>\n\n\n\n<p><\/p>\n\n\n\n<p><\/p>","protected":false},"excerpt":{"rendered":"<p>YOUR PROPERTY, OUR PRIORITY Barnes is committed to respond to the client&#8217;s need. The company wants to be certain that the clients feel safe and confident with us and that their properties are in good hands. We have two different missions: if your property is your home, we handle your everyday maintenance for you to [&hellip;]<\/p>\n","protected":false},"author":1,"featured_media":0,"parent":0,"menu_order":0,"comment_status":"closed","ping_status":"closed","template":"","meta":[],"_links":{"self":[{"href":"https:\/\/pm.barnes-miami.com\/fr\/wp-json\/wp\/v2\/pages\/97"}],"collection":[{"href":"https:\/\/pm.barnes-miami.com\/fr\/wp-json\/wp\/v2\/pages"}],"about":[{"href":"https:\/\/pm.barnes-miami.com\/fr\/wp-json\/wp\/v2\/types\/page"}],"author":[{"embeddable":true,"href":"https:\/\/pm.barnes-miami.com\/fr\/wp-json\/wp\/v2\/users\/1"}],"replies":[{"embeddable":true,"href":"https:\/\/pm.barnes-miami.com\/fr\/wp-json\/wp\/v2\/comments?post=97"}],"version-history":[{"count":20,"href":"https:\/\/pm.barnes-miami.com\/fr\/wp-json\/wp\/v2\/pages\/97\/revisions"}],"predecessor-version":[{"id":366,"href":"https:\/\/pm.barnes-miami.com\/fr\/wp-json\/wp\/v2\/pages\/97\/revisions\/366"}],"wp:attachment":[{"href":"https:\/\/pm.barnes-miami.com\/fr\/wp-json\/wp\/v2\/media?parent=97"}],"curies":[{"name":"wp","href":"https:\/\/api.w.org\/{rel}","templated":true}]}}