{"id":84,"date":"2020-06-26T14:22:00","date_gmt":"2020-06-26T19:22:00","guid":{"rendered":"https:\/\/pm.barnes-miami.com\/?page_id=84"},"modified":"2022-05-26T16:16:49","modified_gmt":"2022-05-26T21:16:49","slug":"who-we-are","status":"publish","type":"page","link":"https:\/\/pm.barnes-miami.com\/fr\/who-we-are\/","title":{"rendered":"Qu&#039;est-ce que la gestion immobili\u00e8re ?"},"content":{"rendered":"<blockquote class=\"wp-block-quote\"><p><em>\u00c0 propos de BARNES Property Management \u00e0 Miami<\/em><\/p><\/blockquote>\n\n\n\n<div class=\"wp-block-image\"><figure class=\"alignright size-large\"><img decoding=\"async\" loading=\"lazy\" width=\"530\" height=\"507\" src=\"https:\/\/pm.barnes-miami.com\/wp-content\/uploads\/2020\/08\/Screen-Shot-2020-08-14-at-16.17.04.png\" alt=\"\" class=\"wp-image-119\" srcset=\"https:\/\/pm.barnes-miami.com\/wp-content\/uploads\/2020\/08\/Screen-Shot-2020-08-14-at-16.17.04.png 530w, https:\/\/pm.barnes-miami.com\/wp-content\/uploads\/2020\/08\/Screen-Shot-2020-08-14-at-16.17.04-300x287.png 300w\" sizes=\"(max-width: 530px) 100vw, 530px\" \/><\/figure><\/div>\n\n\n\n<p><\/p>\n\n\n\n<p><\/p>\n\n\n\n<p><\/p>\n\n\n\n<p><em>BARNES propose des services de Property Management \u00e0 la demande de qualit\u00e9 \u00e0 tous les propri\u00e9taires et investisseurs poss\u00e9dant un bien en tant que r\u00e9sidence secondaire ou investissement r\u00e9sidentiel dans la r\u00e9gion de Miami et souhaitant, sur place, un interlocuteur de confiance.<\/em><\/p>\n\n\n\n<p><strong><em>Prestations \u00e0 la demande.<\/em><\/strong> Que votre bien soit locatif ou votre r\u00e9sidence secondaire, BARNES vous propose une gamme de services \u00e0 la carte. <\/p>\n\n\n\n<p>Nous sommes l\u00e0 pour faciliter et rentabiliser la propri\u00e9t\u00e9 d&#039;un bien locatif en nous concentrant sur les personnes impliqu\u00e9es et pas seulement sur les b\u00e2timents. Certaines propri\u00e9t\u00e9s n\u00e9cessitent un entretien, nous adoptons donc une approche proactive et sommes bien \u00e9quip\u00e9s pour g\u00e9rer cela, mais c&#039;est aussi une affaire de personnes. Si votre location est une entreprise, alors les locataires sont vos clients, et la fa\u00e7on dont les entreprises traitent leurs clients fait toute la diff\u00e9rence dans le monde. <\/p>\n\n\n\n<p>Comme vous, nous avons poss\u00e9d\u00e9 une propri\u00e9t\u00e9 locative \u00e0 Miami et savons que cela peut parfois \u00eatre difficile. Nous comprenons que les incertitudes peuvent causer de l&#039;anxi\u00e9t\u00e9 et nous r\u00e9alisons la confiance qu&#039;implique la gestion d&#039;un actif aussi important. Que vous soyez propri\u00e9taire d&#039;un seul condo, d&#039;un grand portefeuille ou d&#039;une r\u00e9sidence secondaire, notre premier objectif est d&#039;\u00e9couter et de comprendre votre situation, afin que nous puissions vous fournir une solution globale pour r\u00e9ussir vos objectifs immobiliers. <\/p>","protected":false},"excerpt":{"rendered":"<p>About BARNES Property Management in Miami BARNES offers quality Property Management on demand services to all owners and investors owning a property as secondary home or residential investment in the Miami area and want, on site, trusted contact. Services on-demand. Whether your property is rented or your second home, BARNES offers a range of \u00e0 [&hellip;]<\/p>\n","protected":false},"author":1,"featured_media":0,"parent":0,"menu_order":0,"comment_status":"closed","ping_status":"closed","template":"","meta":[],"_links":{"self":[{"href":"https:\/\/pm.barnes-miami.com\/fr\/wp-json\/wp\/v2\/pages\/84"}],"collection":[{"href":"https:\/\/pm.barnes-miami.com\/fr\/wp-json\/wp\/v2\/pages"}],"about":[{"href":"https:\/\/pm.barnes-miami.com\/fr\/wp-json\/wp\/v2\/types\/page"}],"author":[{"embeddable":true,"href":"https:\/\/pm.barnes-miami.com\/fr\/wp-json\/wp\/v2\/users\/1"}],"replies":[{"embeddable":true,"href":"https:\/\/pm.barnes-miami.com\/fr\/wp-json\/wp\/v2\/comments?post=84"}],"version-history":[{"count":7,"href":"https:\/\/pm.barnes-miami.com\/fr\/wp-json\/wp\/v2\/pages\/84\/revisions"}],"predecessor-version":[{"id":325,"href":"https:\/\/pm.barnes-miami.com\/fr\/wp-json\/wp\/v2\/pages\/84\/revisions\/325"}],"wp:attachment":[{"href":"https:\/\/pm.barnes-miami.com\/fr\/wp-json\/wp\/v2\/media?parent=84"}],"curies":[{"name":"wp","href":"https:\/\/api.w.org\/{rel}","templated":true}]}}