{"id":82,"date":"2020-06-26T14:07:54","date_gmt":"2020-06-26T19:07:54","guid":{"rendered":"https:\/\/pm.barnes-miami.com\/?page_id=82"},"modified":"2022-05-26T15:11:37","modified_gmt":"2022-05-26T20:11:37","slug":"avoid-hassles-and-save-time","status":"publish","type":"page","link":"https:\/\/pm.barnes-miami.com\/fr\/avoid-hassles-and-save-time\/","title":{"rendered":"\u00c9vitez les tracas et gagnez du temps"},"content":{"rendered":"<blockquote class=\"wp-block-quote\"><p><em>\u00c9vitez les tracas li\u00e9s \u00e0 la location<\/em><\/p><\/blockquote>\n\n\n\n<p>La gestion des propri\u00e9t\u00e9s locatives est une entreprise 24 heures sur 24, 7 jours sur 7, n\u00e9cessitant souvent du travail apr\u00e8s les heures normales \u00e0 des moments peu pratiques. De plus, cela n\u00e9cessite des connaissances, une licence et une assurance pour garantir la conformit\u00e9 aux r\u00e9glementations locales, \u00e9tatiques et f\u00e9d\u00e9rales. <\/p>\n\n\n\n<p>Montrer les propri\u00e9t\u00e9s aux locataires potentiels, g\u00e9rer les urgences des locataires et les appels t\u00e9l\u00e9phoniques tard dans la nuit, et s&#039;occuper des probl\u00e8mes d&#039;entretien - c&#039;est ce que nous faisons tous les jours. <\/p>\n\n\n\n<p>La gestion immobili\u00e8re vous donne la tranquillit\u00e9 d&#039;esprit en sachant que les professionnels prennent soin de la propri\u00e9t\u00e9, sans perturber votre vie quotidienne.  <\/p>\n\n\n\n<figure class=\"wp-block-image size-large\"><img decoding=\"async\" loading=\"lazy\" width=\"1019\" height=\"410\" src=\"https:\/\/pm.barnes-miami.com\/wp-content\/uploads\/2020\/08\/Screen-Shot-2020-08-14-at-16.31.50-1.png\" alt=\"\" class=\"wp-image-129\" srcset=\"https:\/\/pm.barnes-miami.com\/wp-content\/uploads\/2020\/08\/Screen-Shot-2020-08-14-at-16.31.50-1.png 1019w, https:\/\/pm.barnes-miami.com\/wp-content\/uploads\/2020\/08\/Screen-Shot-2020-08-14-at-16.31.50-1-300x121.png 300w, https:\/\/pm.barnes-miami.com\/wp-content\/uploads\/2020\/08\/Screen-Shot-2020-08-14-at-16.31.50-1-768x309.png 768w\" sizes=\"(max-width: 1019px) 100vw, 1019px\" \/><\/figure>\n\n\n\n<blockquote class=\"wp-block-quote\"><p><em>Restez 100% inform\u00e9 de vos propri\u00e9t\u00e9s 24h \/ 24 et 7j \/ 7, o\u00f9 que vous soyez. <\/em><\/p><\/blockquote>\n\n\n\n<p>Notre logiciel de gestion immobili\u00e8re vous aide \u00e0 vous tenir inform\u00e9<\/p>\n\n\n\n<p>Nous voulons que vous soyez satisfait du service que nous fournissons. Notre logiciel de gestion immobili\u00e8re vous aide \u00e0 vous tenir inform\u00e9 \u00e0 chaque \u00e9tape du processus. Vous savez quand votre propri\u00e9t\u00e9 est lou\u00e9e, quand le loyer est per\u00e7u, quand un locataire est expuls\u00e9 et quand des r\u00e9parations ou un entretien majeurs sont n\u00e9cessaires, le tout en ligne. <\/p>\n\n\n\n<p>Plus important encore, vous avez un acc\u00e8s 24 heures sur 24 aux informations sur votre propri\u00e9t\u00e9 de n&#039;importe o\u00f9 dans le monde gr\u00e2ce \u00e0 votre compte logiciel personnel de gestion immobili\u00e8re en ligne. Le logiciel vous permet de v\u00e9rifier l&#039;\u00e9tat de votre propri\u00e9t\u00e9, d&#039;afficher les notifications importantes, d&#039;acc\u00e9der aux \u00e9tats financiers mensuels, d&#039;acc\u00e9der aux photos, aux d\u00e9tails d&#039;inspection, aux activit\u00e9s de maintenance, et bien plus encore. <\/p>\n\n\n\n<p>Que vous viviez au coin de la rue ou dans le monde entier, vous pouvez rester inform\u00e9 de ce qui se passe. <\/p>\n\n\n\n<p><\/p>","protected":false},"excerpt":{"rendered":"<p>Avoid Rental Property Hassles Managing rental properties is 24\/7 business, often requiring after hours work at inconvenient times. Plus, it requires knowledge, licensing and insurance to ensure compliance with local, state and federal regulations. Showing properties to prospective tenants, handling tenant emergencies and late night phone calls, and attending to maintenance issues &#8211; it&#8217;s what [&hellip;]<\/p>\n","protected":false},"author":1,"featured_media":0,"parent":0,"menu_order":0,"comment_status":"closed","ping_status":"closed","template":"","meta":[],"_links":{"self":[{"href":"https:\/\/pm.barnes-miami.com\/fr\/wp-json\/wp\/v2\/pages\/82"}],"collection":[{"href":"https:\/\/pm.barnes-miami.com\/fr\/wp-json\/wp\/v2\/pages"}],"about":[{"href":"https:\/\/pm.barnes-miami.com\/fr\/wp-json\/wp\/v2\/types\/page"}],"author":[{"embeddable":true,"href":"https:\/\/pm.barnes-miami.com\/fr\/wp-json\/wp\/v2\/users\/1"}],"replies":[{"embeddable":true,"href":"https:\/\/pm.barnes-miami.com\/fr\/wp-json\/wp\/v2\/comments?post=82"}],"version-history":[{"count":3,"href":"https:\/\/pm.barnes-miami.com\/fr\/wp-json\/wp\/v2\/pages\/82\/revisions"}],"predecessor-version":[{"id":177,"href":"https:\/\/pm.barnes-miami.com\/fr\/wp-json\/wp\/v2\/pages\/82\/revisions\/177"}],"wp:attachment":[{"href":"https:\/\/pm.barnes-miami.com\/fr\/wp-json\/wp\/v2\/media?parent=82"}],"curies":[{"name":"wp","href":"https:\/\/api.w.org\/{rel}","templated":true}]}}