{"id":77,"date":"2020-06-25T14:19:56","date_gmt":"2020-06-25T19:19:56","guid":{"rendered":"https:\/\/pm.barnes-miami.com\/?page_id=77"},"modified":"2020-08-18T13:31:06","modified_gmt":"2020-08-18T18:31:06","slug":"maximize-your-rental-propertys-return-on-investment","status":"publish","type":"page","link":"https:\/\/pm.barnes-miami.com\/fr\/why-barnes\/maximize-your-rental-propertys-return-on-investment\/","title":{"rendered":"Maximisez le retour sur investissement de votre bien locatif"},"content":{"rendered":"<blockquote class=\"wp-block-quote\"><p><em>Pr\u00e9servez votre propri\u00e9t\u00e9<\/em><\/p><\/blockquote>\n\n\n\n<p>Prendre soin de votre propri\u00e9t\u00e9, c&#039;est bien plus que payer un gestionnaire immobilier pour le surveiller. Notre objectif est de prot\u00e9ger votre investissement et de vous faire gagner le plus d&#039;argent pour un loyer plus \u00e9lev\u00e9 et d&#039;attirer des locataires qui prendront soin de votre maison. Nous effectuons \u00e9galement des \u00e9valuations d&#039;emm\u00e9nagement et des inspections fr\u00e9quentes pour nous assurer que votre maison reste en bon \u00e9tat. <\/p>\n\n\n\n<p>Nous \u00e9conomisons du temps et de l&#039;argent \u00e0 nos clients gr\u00e2ce \u00e0 une maintenance fiable et rentable gr\u00e2ce \u00e0 des syst\u00e8mes internes et utilisons nos fournisseurs privil\u00e9gi\u00e9s exclusifs. <\/p>\n\n\n\n<figure class=\"wp-block-image size-large\"><img decoding=\"async\" loading=\"lazy\" width=\"971\" height=\"425\" src=\"https:\/\/pm.barnes-miami.com\/wp-content\/uploads\/2020\/08\/Screen-Shot-2020-08-14-at-16.28.11.png\" alt=\"\" class=\"wp-image-122\" srcset=\"https:\/\/pm.barnes-miami.com\/wp-content\/uploads\/2020\/08\/Screen-Shot-2020-08-14-at-16.28.11.png 971w, https:\/\/pm.barnes-miami.com\/wp-content\/uploads\/2020\/08\/Screen-Shot-2020-08-14-at-16.28.11-300x131.png 300w, https:\/\/pm.barnes-miami.com\/wp-content\/uploads\/2020\/08\/Screen-Shot-2020-08-14-at-16.28.11-768x336.png 768w\" sizes=\"(max-width: 971px) 100vw, 971px\" \/><\/figure>\n\n\n\n<blockquote class=\"wp-block-quote\"><p><em>Vacances plus courtes et locataires de qualit\u00e9<\/em><\/p><\/blockquote>\n\n\n\n<p>Pour chaque jour o\u00f9 une propri\u00e9t\u00e9 est vacante, c&#039;est de l&#039;argent de votre poche. Notre \u00e9quipe immobili\u00e8re a pass\u00e9 du temps et du d\u00e9vouement avec notre \u00e9quipe marketing pour annoncer vos propri\u00e9t\u00e9s et les faire louer plus rapidement. Nous s\u00e9lectionnons minutieusement les locataires pour mettre tout en \u0153uvre pour trouver des locataires fiables qui paieront le loyer \u00e0 temps et traiteront votre maison comme si elle \u00e9tait la leur. <\/p>\n\n\n\n<p>Lorsque des collectes et des expulsions sont n\u00e9cessaires, nous veillons \u00e0 ce que le processus soit achev\u00e9 le plus rapidement possible, tout en veillant \u00e0 ce que toutes les lois et codes soient respect\u00e9s et qu&#039;aucune \u00e9tape ne soit manqu\u00e9e. <\/p>","protected":false},"excerpt":{"rendered":"<p>Preserve your property Taking care of your property is more than just paying a property manager to watch over it. Our goal is to protect your investment and make you the most money higher rent and attract tenants who will take care of your home. We also conduct move-in assessments and frequent inspections to make [&hellip;]<\/p>\n","protected":false},"author":1,"featured_media":0,"parent":73,"menu_order":0,"comment_status":"closed","ping_status":"closed","template":"","meta":[],"_links":{"self":[{"href":"https:\/\/pm.barnes-miami.com\/fr\/wp-json\/wp\/v2\/pages\/77"}],"collection":[{"href":"https:\/\/pm.barnes-miami.com\/fr\/wp-json\/wp\/v2\/pages"}],"about":[{"href":"https:\/\/pm.barnes-miami.com\/fr\/wp-json\/wp\/v2\/types\/page"}],"author":[{"embeddable":true,"href":"https:\/\/pm.barnes-miami.com\/fr\/wp-json\/wp\/v2\/users\/1"}],"replies":[{"embeddable":true,"href":"https:\/\/pm.barnes-miami.com\/fr\/wp-json\/wp\/v2\/comments?post=77"}],"version-history":[{"count":4,"href":"https:\/\/pm.barnes-miami.com\/fr\/wp-json\/wp\/v2\/pages\/77\/revisions"}],"predecessor-version":[{"id":176,"href":"https:\/\/pm.barnes-miami.com\/fr\/wp-json\/wp\/v2\/pages\/77\/revisions\/176"}],"up":[{"embeddable":true,"href":"https:\/\/pm.barnes-miami.com\/fr\/wp-json\/wp\/v2\/pages\/73"}],"wp:attachment":[{"href":"https:\/\/pm.barnes-miami.com\/fr\/wp-json\/wp\/v2\/media?parent=77"}],"curies":[{"name":"wp","href":"https:\/\/api.w.org\/{rel}","templated":true}]}}