{"id":73,"date":"2020-06-25T14:04:28","date_gmt":"2020-06-25T19:04:28","guid":{"rendered":"https:\/\/pm.barnes-miami.com\/?page_id=73"},"modified":"2022-05-26T16:41:25","modified_gmt":"2022-05-26T21:41:25","slug":"why-barnes","status":"publish","type":"page","link":"https:\/\/pm.barnes-miami.com\/fr\/why-barnes\/","title":{"rendered":"\u00c0 propos de nous"},"content":{"rendered":"<div class=\"wp-block-image\"><figure class=\"alignright size-large is-resized\"><img decoding=\"async\" loading=\"lazy\" src=\"https:\/\/pm.barnes-miami.com\/wp-content\/uploads\/2022\/05\/image.png\" alt=\"\" class=\"wp-image-327\" width=\"592\" height=\"475\"\/><\/figure><\/div>\n\n\n\n<p>Fond\u00e9 par Heidi Barnes et pr\u00e9sid\u00e9 par Thibault de Saint Vincent<\/p>\n\n\n\n<p>BARNES c&#039;est 25 ans d&#039;expertise en France et \u00e0 l&#039;\u00e9tranger<\/p>\n\n\n\n<p>Elle est pr\u00e9sente dans plus de 60 destinations d&#039;exception :<br>des plus grandes villes internationales aux plus belles stations baln\u00e9aires<\/p>\n\n\n\n<p class=\"has-text-align-center\"><strong><span style=\"color:#b4002f\" class=\"has-inline-color\">Notre expertise comprend :<\/span><\/strong><\/p>\n\n\n\n<ul><li>Vente d&#039;appartements, maisons &amp; villas et h\u00f4tels particuliers.<\/li><\/ul>\n\n\n\n<ul><li>Vente de propri\u00e9t\u00e9s de campagne, ch\u00e2teaux, haras &amp; domaines \u00e9questres, et chasse.<\/li><\/ul>\n\n\n\n<ul><li>Vente de programmes neufs nationaux et internationaux.<\/li><\/ul>\n\n\n\n<ul><li>Vente d&#039;immeubles (bloc, d\u00e9coupe, au fil de l&#039;eau), bureaux et commerces.<\/li><\/ul>\n\n\n\n<ul><li>H\u00f4tels et r\u00e9sidences.<\/li><\/ul>\n\n\n\n<ul><li>Locations.<\/li><\/ul>\n\n\n\n<p><\/p>\n\n\n\n<p class=\"has-text-align-center\"><strong><span style=\"color:#b4002f\" class=\"has-inline-color\">Autres services personnalis\u00e9s suppl\u00e9mentaires :<\/span><\/strong><\/p>\n\n\n\n<p>BARNES Vineyards Investment Sp\u00e9cialis\u00e9 dans les transactions de propri\u00e9t\u00e9s viticoles (audit de production, gestion et commercialisation, valorisation du domaine et interm\u00e9diation dans la transaction). Les \u00e9quipes proposent une large s\u00e9lection de domaines de qualit\u00e9 et diverses prestations de conseil et d&#039;accompagnement dans la gestion de domaines viticoles.<\/p>\n\n\n\n<p>BARNES Art Advisory Sp\u00e9cialis\u00e9 dans le conseil en acquisition et vente d&#039;oeuvres d&#039;art, ainsi qu&#039;en Art Wealth Management (assurance, inventaire, stockage, transport, fiscalit\u00e9, restauration).<\/p>\n\n\n\n<p>BARNES Interiors -&gt; BARNES s&#039;associe \u00e0 la startup hemea pour cr\u00e9er BARNES Interiors, un service d&#039;architecture et de r\u00e9novation.<\/p>\n\n\n\n<p>BARNES Yachts Sp\u00e9cialis\u00e9 dans la location saisonni\u00e8re sur toutes les mers, acquisitions et ventes de yachts, constructions neuves ou \u00ab yacht management \u00bb.<\/p>\n\n\n\n<p>BARNES IXAIR -&gt; BARNES et l&#039;acteur majeur de l&#039;aviation priv\u00e9e iXAir, lancent un service d\u00e9di\u00e9 \u00e0 l&#039;aviation d&#039;affaires.<\/p>","protected":false},"excerpt":{"rendered":"<p>Founded by Heidi Barnes and chaired by Thibault de Saint Vincent BARNES has 25 years of expertise in France and abroad It is present in over 60 exceptional destinations:from the biggest international cities to the most beautiful resorts Our expertise include: Sale of apartments, houses &amp; villas and private mansions. Sale of country properties, castles, [&hellip;]<\/p>\n","protected":false},"author":1,"featured_media":0,"parent":0,"menu_order":0,"comment_status":"closed","ping_status":"closed","template":"","meta":[],"_links":{"self":[{"href":"https:\/\/pm.barnes-miami.com\/fr\/wp-json\/wp\/v2\/pages\/73"}],"collection":[{"href":"https:\/\/pm.barnes-miami.com\/fr\/wp-json\/wp\/v2\/pages"}],"about":[{"href":"https:\/\/pm.barnes-miami.com\/fr\/wp-json\/wp\/v2\/types\/page"}],"author":[{"embeddable":true,"href":"https:\/\/pm.barnes-miami.com\/fr\/wp-json\/wp\/v2\/users\/1"}],"replies":[{"embeddable":true,"href":"https:\/\/pm.barnes-miami.com\/fr\/wp-json\/wp\/v2\/comments?post=73"}],"version-history":[{"count":15,"href":"https:\/\/pm.barnes-miami.com\/fr\/wp-json\/wp\/v2\/pages\/73\/revisions"}],"predecessor-version":[{"id":337,"href":"https:\/\/pm.barnes-miami.com\/fr\/wp-json\/wp\/v2\/pages\/73\/revisions\/337"}],"wp:attachment":[{"href":"https:\/\/pm.barnes-miami.com\/fr\/wp-json\/wp\/v2\/media?parent=73"}],"curies":[{"name":"wp","href":"https:\/\/api.w.org\/{rel}","templated":true}]}}