{"id":232,"date":"2022-02-16T17:25:41","date_gmt":"2022-02-16T22:25:41","guid":{"rendered":"https:\/\/pm.barnes-miami.com\/?page_id=232"},"modified":"2022-02-25T15:33:08","modified_gmt":"2022-02-25T20:33:08","slug":"global-services","status":"publish","type":"page","link":"https:\/\/pm.barnes-miami.com\/fr\/global-services\/","title":{"rendered":"Services mondiaux"},"content":{"rendered":"<div class=\"wp-block-image\"><figure class=\"alignright size-large is-resized\"><img decoding=\"async\" loading=\"lazy\" src=\"https:\/\/pm.barnes-miami.com\/wp-content\/uploads\/2022\/02\/223042509.jpg\" alt=\"\" class=\"wp-image-256\" width=\"420\" height=\"279\" srcset=\"https:\/\/pm.barnes-miami.com\/wp-content\/uploads\/2022\/02\/223042509.jpg 1024w, https:\/\/pm.barnes-miami.com\/wp-content\/uploads\/2022\/02\/223042509-300x200.jpg 300w, https:\/\/pm.barnes-miami.com\/wp-content\/uploads\/2022\/02\/223042509-768x512.jpg 768w, https:\/\/pm.barnes-miami.com\/wp-content\/uploads\/2022\/02\/223042509-18x12.jpg 18w\" sizes=\"(max-width: 420px) 100vw, 420px\" \/><\/figure><\/div>\n\n\n\n<ul id=\"block-929b331d-d602-400b-a892-a46f50a3342e\"><li><strong>Comptable<\/strong>: Barnes conseille fortement \u00e0 ses clients de choisir un expert-comptable local qui pr\u00e9parera les d\u00e9clarations fiscales pour le fisc am\u00e9ricain : l&#039;IRS (Internal Revenue Service). Votre comptable devra \u00e9galement travailler en \u00e9troite collaboration avec l&#039;avocat qui a constitu\u00e9 votre entit\u00e9 juridique si vous choisissez d&#039;acheter par l&#039;interm\u00e9diaire d&#039;une soci\u00e9t\u00e9.<br>Gr\u00e2ce \u00e0 son emplacement de plus de 10 ans \u00e0 Miami,&nbsp;<a href=\"https:\/\/www.barnes-miami.com\/en\/presentation-de-barnes-miami\/\">Barnes<\/a>&nbsp;est en mesure de vous proposer des cabinets comptables am\u00e9ricains ou francophones, connaissant les enjeux de votre investissement dans votre pays d&#039;origine.<\/li><\/ul>\n\n\n\n<p>Barnes collaborera ensuite avec ce comptable tout au long de la gestion du bien en lui fournissant toutes les informations n\u00e9cessaires aux d\u00e9clarations ainsi que les pi\u00e8ces justificatives: journal comptable (revenus et d\u00e9penses), copies des factures, etc.<\/p>\n\n\n\n<div class=\"wp-block-image\"><figure class=\"alignleft size-large is-resized\"><img decoding=\"async\" loading=\"lazy\" src=\"https:\/\/pm.barnes-miami.com\/wp-content\/uploads\/2022\/02\/1585510759-af0faa0d9cc19b80933b4ac8554d587c-1024x683-2.jpg\" alt=\"\" class=\"wp-image-268\" width=\"348\" height=\"232\" srcset=\"https:\/\/pm.barnes-miami.com\/wp-content\/uploads\/2022\/02\/1585510759-af0faa0d9cc19b80933b4ac8554d587c-1024x683-2.jpg 1024w, https:\/\/pm.barnes-miami.com\/wp-content\/uploads\/2022\/02\/1585510759-af0faa0d9cc19b80933b4ac8554d587c-1024x683-2-300x200.jpg 300w, https:\/\/pm.barnes-miami.com\/wp-content\/uploads\/2022\/02\/1585510759-af0faa0d9cc19b80933b4ac8554d587c-1024x683-2-768x512.jpg 768w, https:\/\/pm.barnes-miami.com\/wp-content\/uploads\/2022\/02\/1585510759-af0faa0d9cc19b80933b4ac8554d587c-1024x683-2-18x12.jpg 18w\" sizes=\"(max-width: 348px) 100vw, 348px\" \/><\/figure><\/div>\n\n\n\n<ul id=\"block-5a9f43d2-f308-4055-bc5c-bfe9eb3e085f\"><li><strong>Domiciliation<\/strong> de votre propri\u00e9t\u00e9 et \/ ou de votre entreprise \u00e0 l&#039;adresse postale de Barnes afin que nous puissions recevoir tous vos courriers et vous fournir des informations importantes: Ville, Floride, courrier IRS (service des imp\u00f4ts), votre association (copropri\u00e9t\u00e9) et autres.<\/li><\/ul>\n\n\n\n<p><\/p>\n\n\n\n<ul id=\"block-012d6cbb-319a-4daa-9a51-654d0a366375\"><li><strong>Assurance: <\/strong>Barnes travaille avec plusieurs courtiers d&#039;assurances (insurance brokers), qui vous proposeront plusieurs devis aupr\u00e8s de diff\u00e9rentes compagnies d&#039;assurances, avec une couverture suffisante selon vos besoins. En Floride, les quatre polices d&#039;assurance les plus courantes et recommand\u00e9es sont : L&#039;assurance habitation classique ou \u00ab assurance habitation \u00bb : en cas de d\u00e9g\u00e2ts des eaux (fuites de plomberie) et d&#039;incendie. La couverture varie selon le type de bien : appartement\/copropri\u00e9t\u00e9, maison, si le logement est vide, occup\u00e9 par le propri\u00e9taire ou occup\u00e9 par un locataire.<\/li><li><em>Assurance ouragan<\/em>: le plus souvent int\u00e9gr\u00e9e \u00e0 l&#039;assurance de biens, elle couvre les dommages caus\u00e9s par des \u00e9v\u00e9nements climatiques exceptionnels tels que les ouragans et les tornades. Il est fortement recommand\u00e9 en Floride mais pas obligatoire si vous n&#039;avez pas de cr\u00e9dit. Le niveau de franchise est diff\u00e9rent pour un dommage caus\u00e9 par un ouragan (couverture maximale %) ou pour un dommage classique (franchise forfaitaire).&nbsp;<\/li><li><em>Assurance inondation :<\/em> uniquement pour les maisons situ\u00e9es en zone inondable. Non requis si vous n&#039;avez pas de cr\u00e9dit.&nbsp;<\/li><li><em>Assurance responsabilit\u00e9 civile:<\/em> parfois incluse dans l&#039;assurance habitation classique, elle peut \u00eatre n\u00e9cessaire en compl\u00e9ment d&#039;une couverture minimale incluse dans l&#039;assurance habitation afin d&#039;obtenir une meilleure protection.<\/li><\/ul>\n\n\n\n<div class=\"wp-block-image\"><figure class=\"aligncenter size-large is-resized\"><img decoding=\"async\" loading=\"lazy\" src=\"https:\/\/pm.barnes-miami.com\/wp-content\/uploads\/2022\/02\/IMG_6559-1024x768.jpg\" alt=\"\" class=\"wp-image-266\" width=\"494\" height=\"371\" srcset=\"https:\/\/pm.barnes-miami.com\/wp-content\/uploads\/2022\/02\/IMG_6559-1024x768.jpg 1024w, https:\/\/pm.barnes-miami.com\/wp-content\/uploads\/2022\/02\/IMG_6559-300x225.jpg 300w, https:\/\/pm.barnes-miami.com\/wp-content\/uploads\/2022\/02\/IMG_6559-768x576.jpg 768w, https:\/\/pm.barnes-miami.com\/wp-content\/uploads\/2022\/02\/IMG_6559-16x12.jpg 16w, https:\/\/pm.barnes-miami.com\/wp-content\/uploads\/2022\/02\/IMG_6559.jpg 1366w\" sizes=\"(max-width: 494px) 100vw, 494px\" \/><\/figure><\/div>","protected":false},"excerpt":{"rendered":"<p>Accountant: Barnes strongly advises clients to choose a local public accountant who will prepare tax returns for the US Tax Department: the IRS (Internal Revenue Service). Your accountant will also need to work closely with the lawyer who incorporated your legal entity if you chose to buy through a corporation.Thanks to its location of more [&hellip;]<\/p>\n","protected":false},"author":1,"featured_media":0,"parent":0,"menu_order":0,"comment_status":"closed","ping_status":"closed","template":"","meta":[],"_links":{"self":[{"href":"https:\/\/pm.barnes-miami.com\/fr\/wp-json\/wp\/v2\/pages\/232"}],"collection":[{"href":"https:\/\/pm.barnes-miami.com\/fr\/wp-json\/wp\/v2\/pages"}],"about":[{"href":"https:\/\/pm.barnes-miami.com\/fr\/wp-json\/wp\/v2\/types\/page"}],"author":[{"embeddable":true,"href":"https:\/\/pm.barnes-miami.com\/fr\/wp-json\/wp\/v2\/users\/1"}],"replies":[{"embeddable":true,"href":"https:\/\/pm.barnes-miami.com\/fr\/wp-json\/wp\/v2\/comments?post=232"}],"version-history":[{"count":13,"href":"https:\/\/pm.barnes-miami.com\/fr\/wp-json\/wp\/v2\/pages\/232\/revisions"}],"predecessor-version":[{"id":306,"href":"https:\/\/pm.barnes-miami.com\/fr\/wp-json\/wp\/v2\/pages\/232\/revisions\/306"}],"wp:attachment":[{"href":"https:\/\/pm.barnes-miami.com\/fr\/wp-json\/wp\/v2\/media?parent=232"}],"curies":[{"name":"wp","href":"https:\/\/api.w.org\/{rel}","templated":true}]}}