{"id":227,"date":"2022-02-16T17:24:17","date_gmt":"2022-02-16T22:24:17","guid":{"rendered":"https:\/\/pm.barnes-miami.com\/?page_id=227"},"modified":"2022-02-18T11:33:21","modified_gmt":"2022-02-18T16:33:21","slug":"rental-investment","status":"publish","type":"page","link":"https:\/\/pm.barnes-miami.com\/fr\/rental-investment\/","title":{"rendered":"Investissement Locatif"},"content":{"rendered":"<p><em>Si votre bien est lou\u00e9:<\/em><\/p>\n\n\n\n<div class=\"wp-block-image\"><figure class=\"aligncenter size-large is-resized\"><img decoding=\"async\" loading=\"lazy\" src=\"https:\/\/pm.barnes-miami.com\/wp-content\/uploads\/2022\/02\/flamingo-point-miami-beach-fl-double-height-windows-usher-in-fantastic.jpg\" alt=\"\" class=\"wp-image-274\" width=\"478\" height=\"279\" srcset=\"https:\/\/pm.barnes-miami.com\/wp-content\/uploads\/2022\/02\/flamingo-point-miami-beach-fl-double-height-windows-usher-in-fantastic.jpg 650w, https:\/\/pm.barnes-miami.com\/wp-content\/uploads\/2022\/02\/flamingo-point-miami-beach-fl-double-height-windows-usher-in-fantastic-300x175.jpg 300w, https:\/\/pm.barnes-miami.com\/wp-content\/uploads\/2022\/02\/flamingo-point-miami-beach-fl-double-height-windows-usher-in-fantastic-18x10.jpg 18w\" sizes=\"(max-width: 478px) 100vw, 478px\" \/><\/figure><\/div>\n\n\n\n<p>Avant de louer, Barnes vous aide \u00e0 s\u00e9lectionner le bon locataire en v\u00e9rifiant son profil et son historique. Nous recherchons la pr\u00e9sence d&#039;un \u00e9ventuel casier judiciaire et v\u00e9rifions la capacit\u00e9 de la personne \u00e0 rembourser ses dettes, via l&#039;historique de cr\u00e9dit. Un revenu suffisant pour payer le loyer avec un bon &#039;credit score&#039; et un dossier vierge sont les crit\u00e8res pour accepter ou non une offre. Aucun autre crit\u00e8re ne doit \u00eatre pris en compte, au risque d&#039;\u00eatre expos\u00e9 au &#039;Fair Housing Act&#039;.<br>Lorsque le locataire a emm\u00e9nag\u00e9, Barnes devient son interlocuteur privil\u00e9gi\u00e9 en g\u00e9rant ses diff\u00e9rentes demandes. Nous veillons \u00e0 faire respecter les termes du bail et \u00e0 percevoir \u00e0 temps les loyers pour le propri\u00e9taire. Nous organisons et coordonnons l&#039;entretien du bien et les r\u00e9parations qui sont \u00e0 la charge du propri\u00e9taire, avec l&#039;aide d&#039;une \u00e9quipe de prestataires professionnels dans chaque domaine, s\u00e9lectionn\u00e9s pour son professionnalisme, et r\u00e9guli\u00e8rement mis en concurrence pour vous assurer la meilleure qualit\u00e9- le prix.&nbsp;<br><br>Aucune r\u00e9paration majeure n&#039;est effectu\u00e9e sans l&#039;accord \u00e9crit pr\u00e9alable du propri\u00e9taire, avec pr\u00e9sentation de diff\u00e9rents devis comp\u00e9titifs.<br><br>Par exemple, il est tr\u00e8s important en Floride d&#039;entretenir r\u00e9guli\u00e8rement les syst\u00e8mes de climatisation, qui sont aussi n\u00e9cessaires que les syst\u00e8mes de chauffage en France. L&#039;entretien de l&#039;\u00e9lectrom\u00e9nager fait partie de la responsabilit\u00e9 du propri\u00e9taire puisqu&#039;il est lou\u00e9 avec le reste de la propri\u00e9t\u00e9.<br><br>Les r\u00e8gles qui d\u00e9finissent les responsabilit\u00e9s entre le locataire et le propri\u00e9taire sont clairement d\u00e9finies dans le bail (ou \u00abbail\u00bb en anglais); c&#039;est pourquoi il est tr\u00e8s important qu&#039;il soit \u00e9tabli par un professionnel de l&#039;immobilier (\u00abRealtor\u00bb). Barnes s&#039;assure \u00e9galement que le bail vous prot\u00e8ge en tant que propri\u00e9taire.&nbsp;<br><br>En cas de litige avec les locataires ou de non-paiement du loyer, Barnes prend soin de renforcer les termes du contrat avec l&#039;assistance juridique des avocats partenaires de l&#039;immobilier, voire d&#039;engager des proc\u00e9dures d&#039;expulsion si n\u00e9cessaire.&nbsp;<\/p>\n\n\n\n<div class=\"wp-block-image\"><figure class=\"alignright size-large is-resized\"><img decoding=\"async\" loading=\"lazy\" src=\"https:\/\/pm.barnes-miami.com\/wp-content\/uploads\/2022\/02\/image-1.jpg\" alt=\"\" class=\"wp-image-280\" width=\"423\" height=\"282\" srcset=\"https:\/\/pm.barnes-miami.com\/wp-content\/uploads\/2022\/02\/image-1.jpg 650w, https:\/\/pm.barnes-miami.com\/wp-content\/uploads\/2022\/02\/image-1-300x200.jpg 300w, https:\/\/pm.barnes-miami.com\/wp-content\/uploads\/2022\/02\/image-1-18x12.jpg 18w\" sizes=\"(max-width: 423px) 100vw, 423px\" \/><\/figure><\/div>\n\n\n\n<p>Barnes s&#039;occupe des diff\u00e9rentes factures de r\u00e9paration et d&#039;entretien, avec l&#039;argent pr\u00e9lev\u00e9 sur les loyers. Ce fonds de roulement conserv\u00e9 sur le compte Barnes sert \u00e9galement \u00e0 payer les d\u00e9penses li\u00e9es au bien telles que les charges mensuelles de copropri\u00e9t\u00e9, les taxes fonci\u00e8res, l&#039;assurance habitation, le remboursement du pr\u00eat, etc.<\/p>\n\n\n\n<p>Barnes a d\u00e9velopp\u00e9 une plateforme propri\u00e9taire unique et s\u00e9curis\u00e9e exclusivement pour ses clients. Vous pouvez suivre en ligne l&#039;\u00e9volution de votre compte immobilier chez Barnes, et effectuer une demande de virement vers un compte bancaire personnel ou professionnel.<\/p>\n\n\n\n<p>En cas de sinistre majeur (fuite, inondation, incendie, etc.), Barnes commence aussit\u00f4t \u00e0 lancer et \u00e0 coordonner les proc\u00e9dures de d\u00e9claration d&#039;assurance, en collaboration avec un expert en assurances, une personne sp\u00e9cialis\u00e9e dans les relations avec les compagnies d&#039;assurance. , qui travaille dans votre int\u00e9r\u00eat pour vous assurer de tirer le meilleur parti de votre police d&#039;assurance.<\/p>\n\n\n\n<p>Nous coordonnons ensuite le paiement par assurance et r\u00e9parations, \u00e9tape par \u00e9tape, et ce, dans le respect des r\u00e8gles et r\u00e8glements impos\u00e9s par les codes et r\u00e8glements de la ville et de votre &#039;association de propri\u00e9taires&#039; (copropri\u00e9t\u00e9).<\/p>\n\n\n\n<p>Enfin, au d\u00e9part du locataire, nos \u00e9quipes effectuent l&#039;\u00e9tat des lieux et s&#039;assurent que le bien est dans les m\u00eames conditions que l&#039;\u00e9tat d&#039;entr\u00e9e, moins l&#039;usure habituelle (\u00abusure\u00bb). Dans le cas contraire, les responsabilit\u00e9s sont \u00e9tablies entre le locataire et le propri\u00e9taire et Barnes conservera les frais de restauration sur la caution du locataire, pr\u00e9alablement conserv\u00e9e sur le compte s\u00e9questre de Barnes.<\/p>\n\n\n\n<div class=\"wp-block-image\"><figure class=\"aligncenter size-large is-resized\"><img decoding=\"async\" loading=\"lazy\" src=\"https:\/\/pm.barnes-miami.com\/wp-content\/uploads\/2022\/02\/amli-midtown-miami-miami-fl-building-photo-2.jpg\" alt=\"\" class=\"wp-image-281\" width=\"521\" height=\"345\" srcset=\"https:\/\/pm.barnes-miami.com\/wp-content\/uploads\/2022\/02\/amli-midtown-miami-miami-fl-building-photo-2.jpg 650w, https:\/\/pm.barnes-miami.com\/wp-content\/uploads\/2022\/02\/amli-midtown-miami-miami-fl-building-photo-2-300x199.jpg 300w, https:\/\/pm.barnes-miami.com\/wp-content\/uploads\/2022\/02\/amli-midtown-miami-miami-fl-building-photo-2-18x12.jpg 18w\" sizes=\"(max-width: 521px) 100vw, 521px\" \/><\/figure><\/div>","protected":false},"excerpt":{"rendered":"<p>If your property is rented: Before renting, Barnes helps you select the right tenant by checking his profile and history. We are looking for the presence of a possible criminal record and check the capacity of the person to repay his debts, via the credit history. An income sufficient to pay the rent with a [&hellip;]<\/p>\n","protected":false},"author":1,"featured_media":0,"parent":0,"menu_order":0,"comment_status":"closed","ping_status":"closed","template":"","meta":[],"_links":{"self":[{"href":"https:\/\/pm.barnes-miami.com\/fr\/wp-json\/wp\/v2\/pages\/227"}],"collection":[{"href":"https:\/\/pm.barnes-miami.com\/fr\/wp-json\/wp\/v2\/pages"}],"about":[{"href":"https:\/\/pm.barnes-miami.com\/fr\/wp-json\/wp\/v2\/types\/page"}],"author":[{"embeddable":true,"href":"https:\/\/pm.barnes-miami.com\/fr\/wp-json\/wp\/v2\/users\/1"}],"replies":[{"embeddable":true,"href":"https:\/\/pm.barnes-miami.com\/fr\/wp-json\/wp\/v2\/comments?post=227"}],"version-history":[{"count":5,"href":"https:\/\/pm.barnes-miami.com\/fr\/wp-json\/wp\/v2\/pages\/227\/revisions"}],"predecessor-version":[{"id":283,"href":"https:\/\/pm.barnes-miami.com\/fr\/wp-json\/wp\/v2\/pages\/227\/revisions\/283"}],"wp:attachment":[{"href":"https:\/\/pm.barnes-miami.com\/fr\/wp-json\/wp\/v2\/media?parent=227"}],"curies":[{"name":"wp","href":"https:\/\/api.w.org\/{rel}","templated":true}]}}