{"id":224,"date":"2022-02-16T17:15:27","date_gmt":"2022-02-16T22:15:27","guid":{"rendered":"https:\/\/pm.barnes-miami.com\/?page_id=224"},"modified":"2022-05-27T09:18:32","modified_gmt":"2022-05-27T14:18:32","slug":"secondary-homes","status":"publish","type":"page","link":"https:\/\/pm.barnes-miami.com\/fr\/secondary-homes\/","title":{"rendered":"R\u00e9sidences secondaires"},"content":{"rendered":"<p>Vous \u00eates loin de votre maison de vacances ? Vous avez besoin d&#039;un interlocuteur de confiance sur place pour g\u00e9rer vos d\u00e9penses courantes ? Pour superviser votre entreprise d&#039;am\u00e9nagement paysager? Pour que votre piscine reste aussi bleue que le ciel de Miami ? <strong><span class=\"has-inline-color has-vivid-red-color\">BARNES <\/span><\/strong>propose des services personnalis\u00e9s pour les propri\u00e9taires qui poss\u00e8dent une r\u00e9sidence secondaire dans la r\u00e9gion de Miami. Nous comprenons l&#039;importance d&#039;avoir un partenaire fiable sur place en votre absence, afin de profiter pleinement de votre bien durant votre s\u00e9jour \u00e0 votre retour.<\/p>\n\n\n\n<figure class=\"wp-block-image size-large\"><img decoding=\"async\" loading=\"lazy\" width=\"1024\" height=\"571\" src=\"https:\/\/pm.barnes-miami.com\/wp-content\/uploads\/2022\/05\/Screen-Shot-2022-05-27-at-09.59.35-1024x571.png\" alt=\"\" class=\"wp-image-355\" srcset=\"https:\/\/pm.barnes-miami.com\/wp-content\/uploads\/2022\/05\/Screen-Shot-2022-05-27-at-09.59.35-1024x571.png 1024w, https:\/\/pm.barnes-miami.com\/wp-content\/uploads\/2022\/05\/Screen-Shot-2022-05-27-at-09.59.35-300x167.png 300w, https:\/\/pm.barnes-miami.com\/wp-content\/uploads\/2022\/05\/Screen-Shot-2022-05-27-at-09.59.35-768x428.png 768w, https:\/\/pm.barnes-miami.com\/wp-content\/uploads\/2022\/05\/Screen-Shot-2022-05-27-at-09.59.35-1536x856.png 1536w, https:\/\/pm.barnes-miami.com\/wp-content\/uploads\/2022\/05\/Screen-Shot-2022-05-27-at-09.59.35-2048x1142.png 2048w, https:\/\/pm.barnes-miami.com\/wp-content\/uploads\/2022\/05\/Screen-Shot-2022-05-27-at-09.59.35-18x10.png 18w\" sizes=\"(max-width: 1024px) 100vw, 1024px\" \/><\/figure>\n\n\n\n<h2 class=\"has-text-align-center\"><span class=\"has-inline-color has-vivid-red-color\">BARNES<\/span> Services \u00e0 la demande<\/h2>\n\n\n\n<figure class=\"wp-block-image size-large\"><img decoding=\"async\" loading=\"lazy\" width=\"1024\" height=\"324\" src=\"https:\/\/pm.barnes-miami.com\/wp-content\/uploads\/2022\/05\/Screen-Shot-2022-05-27-at-10.16.05-1024x324.png\" alt=\"\" class=\"wp-image-361\" srcset=\"https:\/\/pm.barnes-miami.com\/wp-content\/uploads\/2022\/05\/Screen-Shot-2022-05-27-at-10.16.05-1024x324.png 1024w, https:\/\/pm.barnes-miami.com\/wp-content\/uploads\/2022\/05\/Screen-Shot-2022-05-27-at-10.16.05-300x95.png 300w, https:\/\/pm.barnes-miami.com\/wp-content\/uploads\/2022\/05\/Screen-Shot-2022-05-27-at-10.16.05-768x243.png 768w, https:\/\/pm.barnes-miami.com\/wp-content\/uploads\/2022\/05\/Screen-Shot-2022-05-27-at-10.16.05-1536x486.png 1536w, https:\/\/pm.barnes-miami.com\/wp-content\/uploads\/2022\/05\/Screen-Shot-2022-05-27-at-10.16.05-18x6.png 18w, https:\/\/pm.barnes-miami.com\/wp-content\/uploads\/2022\/05\/Screen-Shot-2022-05-27-at-10.16.05.png 1884w\" sizes=\"(max-width: 1024px) 100vw, 1024px\" \/><\/figure>\n\n\n\n<figure class=\"wp-block-image size-large\"><img decoding=\"async\" loading=\"lazy\" width=\"1024\" height=\"294\" src=\"https:\/\/pm.barnes-miami.com\/wp-content\/uploads\/2022\/05\/Screen-Shot-2022-05-27-at-10.17.15-1024x294.png\" alt=\"\" class=\"wp-image-362\" srcset=\"https:\/\/pm.barnes-miami.com\/wp-content\/uploads\/2022\/05\/Screen-Shot-2022-05-27-at-10.17.15-1024x294.png 1024w, https:\/\/pm.barnes-miami.com\/wp-content\/uploads\/2022\/05\/Screen-Shot-2022-05-27-at-10.17.15-300x86.png 300w, https:\/\/pm.barnes-miami.com\/wp-content\/uploads\/2022\/05\/Screen-Shot-2022-05-27-at-10.17.15-768x221.png 768w, https:\/\/pm.barnes-miami.com\/wp-content\/uploads\/2022\/05\/Screen-Shot-2022-05-27-at-10.17.15-1536x441.png 1536w, https:\/\/pm.barnes-miami.com\/wp-content\/uploads\/2022\/05\/Screen-Shot-2022-05-27-at-10.17.15-2048x588.png 2048w, https:\/\/pm.barnes-miami.com\/wp-content\/uploads\/2022\/05\/Screen-Shot-2022-05-27-at-10.17.15-18x5.png 18w\" sizes=\"(max-width: 1024px) 100vw, 1024px\" \/><\/figure>\n\n\n\n<figure class=\"wp-block-image size-large\"><img decoding=\"async\" loading=\"lazy\" width=\"1024\" height=\"313\" src=\"https:\/\/pm.barnes-miami.com\/wp-content\/uploads\/2022\/05\/Screen-Shot-2022-05-27-at-10.17.37-1024x313.png\" alt=\"\" class=\"wp-image-363\" srcset=\"https:\/\/pm.barnes-miami.com\/wp-content\/uploads\/2022\/05\/Screen-Shot-2022-05-27-at-10.17.37-1024x313.png 1024w, https:\/\/pm.barnes-miami.com\/wp-content\/uploads\/2022\/05\/Screen-Shot-2022-05-27-at-10.17.37-300x92.png 300w, https:\/\/pm.barnes-miami.com\/wp-content\/uploads\/2022\/05\/Screen-Shot-2022-05-27-at-10.17.37-768x235.png 768w, https:\/\/pm.barnes-miami.com\/wp-content\/uploads\/2022\/05\/Screen-Shot-2022-05-27-at-10.17.37-1536x469.png 1536w, https:\/\/pm.barnes-miami.com\/wp-content\/uploads\/2022\/05\/Screen-Shot-2022-05-27-at-10.17.37-2048x626.png 2048w, https:\/\/pm.barnes-miami.com\/wp-content\/uploads\/2022\/05\/Screen-Shot-2022-05-27-at-10.17.37-18x5.png 18w\" sizes=\"(max-width: 1024px) 100vw, 1024px\" \/><\/figure>\n\n\n\n<div class=\"wp-block-barnes-blocks-contact-en\"><div class=\"contact_wrapper\"><h3>Nous contacter<\/h3><form action=\"\"><div class=\"form-group\"><input type=\"text\" value=\"\" name=\"name\"\/><label>Nom<\/label><\/div><div class=\"form-group\"><input type=\"text\" value=\"\" name=\"email\" pattern=\".{4,}\"\/><label>Email *<\/label><\/div><div class=\"form-group\"><input type=\"text\" value=\"\" name=\"phone\"\/><label>T\u00e9l\u00e9phoner<\/label><\/div><div class=\"form-group\"><textarea name=\"message\"><\/textarea><label>Message<\/label><\/div><div><input type=\"hidden\" name=\"referral\" class=\"referral\"\/><button class=\"contact_btn\">Envoyer<\/button><\/div><input type=\"hidden\" name=\"trp-form-language\" value=\"fr\"\/><\/form><\/div><\/div>","protected":false},"excerpt":{"rendered":"<p>Are you away from your vacation home? Do you need a trust worthy contact on site to manage your everyday expenses? To supervise your landscaping company? To ensure your pool stay as blue as the Miami sky? BARNES offers personalized services for owners who possess a second home in the Miami area. We understand the [&hellip;]<\/p>\n","protected":false},"author":1,"featured_media":0,"parent":0,"menu_order":0,"comment_status":"closed","ping_status":"closed","template":"","meta":[],"_links":{"self":[{"href":"https:\/\/pm.barnes-miami.com\/fr\/wp-json\/wp\/v2\/pages\/224"}],"collection":[{"href":"https:\/\/pm.barnes-miami.com\/fr\/wp-json\/wp\/v2\/pages"}],"about":[{"href":"https:\/\/pm.barnes-miami.com\/fr\/wp-json\/wp\/v2\/types\/page"}],"author":[{"embeddable":true,"href":"https:\/\/pm.barnes-miami.com\/fr\/wp-json\/wp\/v2\/users\/1"}],"replies":[{"embeddable":true,"href":"https:\/\/pm.barnes-miami.com\/fr\/wp-json\/wp\/v2\/comments?post=224"}],"version-history":[{"count":11,"href":"https:\/\/pm.barnes-miami.com\/fr\/wp-json\/wp\/v2\/pages\/224\/revisions"}],"predecessor-version":[{"id":364,"href":"https:\/\/pm.barnes-miami.com\/fr\/wp-json\/wp\/v2\/pages\/224\/revisions\/364"}],"wp:attachment":[{"href":"https:\/\/pm.barnes-miami.com\/fr\/wp-json\/wp\/v2\/media?parent=224"}],"curies":[{"name":"wp","href":"https:\/\/api.w.org\/{rel}","templated":true}]}}