{"id":167,"date":"2020-08-18T13:17:59","date_gmt":"2020-08-18T18:17:59","guid":{"rendered":"https:\/\/pm.barnes-miami.com\/?page_id=167"},"modified":"2021-01-22T12:16:26","modified_gmt":"2021-01-22T17:16:26","slug":"get-a-quote","status":"publish","type":"page","link":"https:\/\/pm.barnes-miami.com\/fr\/get-a-quote\/","title":{"rendered":"OBTENIR UN DEVIS"},"content":{"rendered":"<div class=\"wp-block-barnes-blocks-contactseller-en\"><div class=\"contactseller_wrapper\"><h3>ESTIMATION DE PRIX<\/h3><form action=\"\"><div class=\"form-group\"><input type=\"text\" value=\"\" name=\"name\" pattern=\".{4,}\"><label>Nom *<\/label><\/div><div class=\"form-group\"><input type=\"text\" value=\"\" name=\"email\" pattern=\".{4,}\"><label>Email *<\/label><\/div><div class=\"form-group\"><input type=\"text\" value=\"\" name=\"phone\" pattern=\".{8,}\"><label>T\u00e9l\u00e9phone *<\/label><\/div><div class=\"form-group\"><input type=\"text\" value=\"\" name=\"address\" min=\"3\"><label>Adresse de la propri\u00e9t\u00e9 *<\/label><\/div><div><input type=\"hidden\" value=\"miami.pm@barnes-international.com\"\/><button class=\"contactme_btn\">Envoyer<\/button><\/div><input type=\"hidden\" name=\"trp-form-language\" value=\"fr\"\/><\/form><\/div><\/div>\n\n<!-- \/wp:html -->","protected":false},"excerpt":{"rendered":"<p>ESTIMATION DE PRIX Nom * Email * T\u00e9l\u00e9phone * Adresse de la propri\u00e9t\u00e9 * Envoyer<\/p>","protected":false},"author":1,"featured_media":0,"parent":0,"menu_order":0,"comment_status":"closed","ping_status":"closed","template":"","meta":[],"_links":{"self":[{"href":"https:\/\/pm.barnes-miami.com\/fr\/wp-json\/wp\/v2\/pages\/167"}],"collection":[{"href":"https:\/\/pm.barnes-miami.com\/fr\/wp-json\/wp\/v2\/pages"}],"about":[{"href":"https:\/\/pm.barnes-miami.com\/fr\/wp-json\/wp\/v2\/types\/page"}],"author":[{"embeddable":true,"href":"https:\/\/pm.barnes-miami.com\/fr\/wp-json\/wp\/v2\/users\/1"}],"replies":[{"embeddable":true,"href":"https:\/\/pm.barnes-miami.com\/fr\/wp-json\/wp\/v2\/comments?post=167"}],"version-history":[{"count":4,"href":"https:\/\/pm.barnes-miami.com\/fr\/wp-json\/wp\/v2\/pages\/167\/revisions"}],"predecessor-version":[{"id":211,"href":"https:\/\/pm.barnes-miami.com\/fr\/wp-json\/wp\/v2\/pages\/167\/revisions\/211"}],"wp:attachment":[{"href":"https:\/\/pm.barnes-miami.com\/fr\/wp-json\/wp\/v2\/media?parent=167"}],"curies":[{"name":"wp","href":"https:\/\/api.w.org\/{rel}","templated":true}]}}