{"id":154,"date":"2020-08-17T14:02:17","date_gmt":"2020-08-17T19:02:17","guid":{"rendered":"https:\/\/pm.barnes-miami.com\/?page_id=154"},"modified":"2022-05-26T16:09:33","modified_gmt":"2022-05-26T21:09:33","slug":"realtor-referral","status":"publish","type":"page","link":"https:\/\/pm.barnes-miami.com\/fr\/realtor-referral\/","title":{"rendered":"R\u00c9F\u00c9RENCE IMMOBILI\u00c8RE"},"content":{"rendered":"<p class=\"has-text-align-center\"><strong><em>Laissez-nous \u00eatre votre partenaire en gestion immobili\u00e8re<\/em><\/strong><\/p>\n\n\n\n<p>BARNES Miami offre des Frais de recommandation \u00e0 tous les agents qui r\u00e9f\u00e8rent leurs clients \u00e0 notre d\u00e9partement de gestion immobili\u00e8re, cela peut vous faire b\u00e9n\u00e9ficier de $1 000\/an \u00e0 $2 000\/an. Cela permet d&#039;\u00e9tendre les connexions mais aussi de gagner une nouvelle source de revenus pour nous deux. En tant qu&#039;agent immobilier, vous pouvez utiliser des r\u00e9f\u00e9rences pour augmenter vos marges b\u00e9n\u00e9ficiaires.<\/p>\n\n\n\n<p>Collaborons et devenons partenaires!<\/p>\n\n\n\n<div class=\"wp-block-barnes-blocks-contact-en\"><div class=\"contact_wrapper\"><h3>R\u00e9f\u00e9rez un client<\/h3><form action=\"\"><div class=\"form-group\"><input type=\"text\" value=\"\" name=\"name\" pattern=\".{4,}\"><label>Nom*<\/label><\/div><div class=\"form-group\"><input type=\"text\" value=\"\" name=\"email\" pattern=\".{4,}\"><label>Email *<\/label><\/div><div class=\"form-group\"><input type=\"text\" value=\"\" name=\"phone\" pattern=\".{8,}\"><label>T\u00e9l\u00e9phone*<\/label><\/div><div class=\"form-group\"><textarea name=\"message\"><\/textarea><label>Message<\/label><\/div><div><input type=\"hidden\" name=\"referral\" class=\"referral\"><button class=\"contact_btn\">Envoyer<\/button><\/div><input type=\"hidden\" name=\"trp-form-language\" value=\"fr\"\/><\/form><\/div><\/div>","protected":false},"excerpt":{"rendered":"<p>Let us be your partner in Property Management BARNES Miami offers Referral Fees to all agents who refer their clients to our Property Management Department, it can benefit you from $1,000\/year to $2,000\/year. It allows to expand connections but also to earn a new source of income for both of us. As a real estate [&hellip;]<\/p>\n","protected":false},"author":1,"featured_media":0,"parent":0,"menu_order":0,"comment_status":"closed","ping_status":"closed","template":"","meta":[],"_links":{"self":[{"href":"https:\/\/pm.barnes-miami.com\/fr\/wp-json\/wp\/v2\/pages\/154"}],"collection":[{"href":"https:\/\/pm.barnes-miami.com\/fr\/wp-json\/wp\/v2\/pages"}],"about":[{"href":"https:\/\/pm.barnes-miami.com\/fr\/wp-json\/wp\/v2\/types\/page"}],"author":[{"embeddable":true,"href":"https:\/\/pm.barnes-miami.com\/fr\/wp-json\/wp\/v2\/users\/1"}],"replies":[{"embeddable":true,"href":"https:\/\/pm.barnes-miami.com\/fr\/wp-json\/wp\/v2\/comments?post=154"}],"version-history":[{"count":3,"href":"https:\/\/pm.barnes-miami.com\/fr\/wp-json\/wp\/v2\/pages\/154\/revisions"}],"predecessor-version":[{"id":322,"href":"https:\/\/pm.barnes-miami.com\/fr\/wp-json\/wp\/v2\/pages\/154\/revisions\/322"}],"wp:attachment":[{"href":"https:\/\/pm.barnes-miami.com\/fr\/wp-json\/wp\/v2\/media?parent=154"}],"curies":[{"name":"wp","href":"https:\/\/api.w.org\/{rel}","templated":true}]}}