{"id":97,"date":"2020-06-26T14:43:47","date_gmt":"2020-06-26T19:43:47","guid":{"rendered":"https:\/\/pm.barnes-miami.com\/?page_id=97"},"modified":"2022-05-27T12:27:34","modified_gmt":"2022-05-27T17:27:34","slug":"services","status":"publish","type":"page","link":"https:\/\/pm.barnes-miami.com\/es\/services\/","title":{"rendered":"SERVICIOS"},"content":{"rendered":"<blockquote class=\"wp-block-quote\"><p><em>SU PROPIEDAD, NUESTRA PRIORIDAD<\/em><\/p><\/blockquote>\n\n\n\n<figure class=\"wp-block-image size-large\"><img decoding=\"async\" loading=\"lazy\" width=\"1006\" height=\"490\" src=\"https:\/\/pm.barnes-miami.com\/wp-content\/uploads\/2020\/08\/Screen-Shot-2020-08-14-at-16.35.08.png\" alt=\"\" class=\"wp-image-126\" srcset=\"https:\/\/pm.barnes-miami.com\/wp-content\/uploads\/2020\/08\/Screen-Shot-2020-08-14-at-16.35.08.png 1006w, https:\/\/pm.barnes-miami.com\/wp-content\/uploads\/2020\/08\/Screen-Shot-2020-08-14-at-16.35.08-300x146.png 300w, https:\/\/pm.barnes-miami.com\/wp-content\/uploads\/2020\/08\/Screen-Shot-2020-08-14-at-16.35.08-768x374.png 768w\" sizes=\"(max-width: 1006px) 100vw, 1006px\" \/><\/figure>\n\n\n\n<p><\/p>\n\n\n\n<p>Barnes se compromete a responder a la necesidad del cliente. La empresa quiere tener la certeza de que los clientes se sientan seguros y confiados con nosotros y que sus propiedades est\u00e9n en buenas manos.<\/p>\n\n\n\n<div class=\"wp-block-image\"><figure class=\"alignright size-large is-resized\"><img decoding=\"async\" loading=\"lazy\" src=\"https:\/\/pm.barnes-miami.com\/wp-content\/uploads\/2022\/05\/2715-Cordova-St-Miami-FL-33134-42-1024x683.jpg\" alt=\"\" class=\"wp-image-312\" width=\"469\" height=\"312\" srcset=\"https:\/\/pm.barnes-miami.com\/wp-content\/uploads\/2022\/05\/2715-Cordova-St-Miami-FL-33134-42-1024x683.jpg 1024w, https:\/\/pm.barnes-miami.com\/wp-content\/uploads\/2022\/05\/2715-Cordova-St-Miami-FL-33134-42-300x200.jpg 300w, https:\/\/pm.barnes-miami.com\/wp-content\/uploads\/2022\/05\/2715-Cordova-St-Miami-FL-33134-42-768x512.jpg 768w, https:\/\/pm.barnes-miami.com\/wp-content\/uploads\/2022\/05\/2715-Cordova-St-Miami-FL-33134-42-1536x1025.jpg 1536w, https:\/\/pm.barnes-miami.com\/wp-content\/uploads\/2022\/05\/2715-Cordova-St-Miami-FL-33134-42-18x12.jpg 18w, https:\/\/pm.barnes-miami.com\/wp-content\/uploads\/2022\/05\/2715-Cordova-St-Miami-FL-33134-42.jpg 2000w\" sizes=\"(max-width: 469px) 100vw, 469px\" \/><\/figure><\/div>\n\n\n\n<p><strong>Tenemos dos misiones diferentes:<\/strong> si su propiedad es su hogar, nos encargamos de su mantenimiento diario para que disfrute al m\u00e1ximo de su estad\u00eda. Si su casa es una propiedad de inversi\u00f3n, nuestro equipo se encarga de cualquiera de sus inconvenientes para facilitar su proceso de alquiler.<\/p>\n\n\n\n<p>Property Management permite a los clientes <strong>generar nuevos ingresos a largo plazo<\/strong>, y todas las necesidades operativas se gestionan para ellos.<\/p>\n\n\n\n<p>Somos un departamento de administraci\u00f3n de propiedades de servicio completo, est\u00e1n personalizados para satisfacer sus necesidades espec\u00edficas y los requisitos de su propiedad. Nuestra misi\u00f3n es asegurar que su propiedad permanezca perfecta al <strong>prepararlo, supervisarlo y mantenerlo.\u00a0<\/strong><\/p>\n\n\n\n<p>Los servicios de Barnes incluyen representaci\u00f3n de propietarios e inquilinos, pagos de facturas, mantenimiento de propiedades, inspecciones, relaciones con contratistas, experiencia global en relaci\u00f3n con inquilinos de calidad, registros de ingresos y cheques, renovaciones de LLC, declaraciones de impuestos, seguros, servicio proactivo al cliente, responsable de documentos administrativos, todos tipos de reparaciones a trav\u00e9s de contratistas supervisores, supervisi\u00f3n de la propiedad en el sitio, pero sobre todo un mantenimiento global desde todos los \u00e1ngulos de la propiedad.<\/p>\n\n\n\n<div class=\"wp-block-image\"><figure class=\"alignright size-large is-resized\"><img decoding=\"async\" loading=\"lazy\" src=\"https:\/\/pm.barnes-miami.com\/wp-content\/uploads\/2022\/02\/istockphoto-1133129162-612x612-1.jpg\" alt=\"\" class=\"wp-image-240\" width=\"184\" height=\"184\" srcset=\"https:\/\/pm.barnes-miami.com\/wp-content\/uploads\/2022\/02\/istockphoto-1133129162-612x612-1.jpg 612w, https:\/\/pm.barnes-miami.com\/wp-content\/uploads\/2022\/02\/istockphoto-1133129162-612x612-1-300x300.jpg 300w, https:\/\/pm.barnes-miami.com\/wp-content\/uploads\/2022\/02\/istockphoto-1133129162-612x612-1-150x150.jpg 150w, https:\/\/pm.barnes-miami.com\/wp-content\/uploads\/2022\/02\/istockphoto-1133129162-612x612-1-12x12.jpg 12w\" sizes=\"(max-width: 184px) 100vw, 184px\" \/><\/figure><\/div>\n\n\n\n<p>Si ocurre una emergencia y el problema no puede esperar a que se solucione, nuestro servicio de emergencia est\u00e1 disponible las 24 horas, los 7 d\u00edas de la semana. <\/p>\n\n\n\n<p><\/p>\n\n\n\n<p><\/p>","protected":false},"excerpt":{"rendered":"<p>YOUR PROPERTY, OUR PRIORITY Barnes is committed to respond to the client&#8217;s need. The company wants to be certain that the clients feel safe and confident with us and that their properties are in good hands. We have two different missions: if your property is your home, we handle your everyday maintenance for you to [&hellip;]<\/p>\n","protected":false},"author":1,"featured_media":0,"parent":0,"menu_order":0,"comment_status":"closed","ping_status":"closed","template":"","meta":[],"_links":{"self":[{"href":"https:\/\/pm.barnes-miami.com\/es\/wp-json\/wp\/v2\/pages\/97"}],"collection":[{"href":"https:\/\/pm.barnes-miami.com\/es\/wp-json\/wp\/v2\/pages"}],"about":[{"href":"https:\/\/pm.barnes-miami.com\/es\/wp-json\/wp\/v2\/types\/page"}],"author":[{"embeddable":true,"href":"https:\/\/pm.barnes-miami.com\/es\/wp-json\/wp\/v2\/users\/1"}],"replies":[{"embeddable":true,"href":"https:\/\/pm.barnes-miami.com\/es\/wp-json\/wp\/v2\/comments?post=97"}],"version-history":[{"count":20,"href":"https:\/\/pm.barnes-miami.com\/es\/wp-json\/wp\/v2\/pages\/97\/revisions"}],"predecessor-version":[{"id":366,"href":"https:\/\/pm.barnes-miami.com\/es\/wp-json\/wp\/v2\/pages\/97\/revisions\/366"}],"wp:attachment":[{"href":"https:\/\/pm.barnes-miami.com\/es\/wp-json\/wp\/v2\/media?parent=97"}],"curies":[{"name":"wp","href":"https:\/\/api.w.org\/{rel}","templated":true}]}}