{"id":84,"date":"2020-06-26T14:22:00","date_gmt":"2020-06-26T19:22:00","guid":{"rendered":"https:\/\/pm.barnes-miami.com\/?page_id=84"},"modified":"2022-05-26T16:16:49","modified_gmt":"2022-05-26T21:16:49","slug":"who-we-are","status":"publish","type":"page","link":"https:\/\/pm.barnes-miami.com\/es\/who-we-are\/","title":{"rendered":"\u00bfQu\u00e9 es la gesti\u00f3n de la propiedad?"},"content":{"rendered":"<blockquote class=\"wp-block-quote\"><p><em>Acerca de BARNES Property Management en Miami<\/em><\/p><\/blockquote>\n\n\n\n<div class=\"wp-block-image\"><figure class=\"alignright size-large\"><img decoding=\"async\" loading=\"lazy\" width=\"530\" height=\"507\" src=\"https:\/\/pm.barnes-miami.com\/wp-content\/uploads\/2020\/08\/Screen-Shot-2020-08-14-at-16.17.04.png\" alt=\"\" class=\"wp-image-119\" srcset=\"https:\/\/pm.barnes-miami.com\/wp-content\/uploads\/2020\/08\/Screen-Shot-2020-08-14-at-16.17.04.png 530w, https:\/\/pm.barnes-miami.com\/wp-content\/uploads\/2020\/08\/Screen-Shot-2020-08-14-at-16.17.04-300x287.png 300w\" sizes=\"(max-width: 530px) 100vw, 530px\" \/><\/figure><\/div>\n\n\n\n<p><\/p>\n\n\n\n<p><\/p>\n\n\n\n<p><\/p>\n\n\n\n<p><em>BARNES ofrece servicios de gesti\u00f3n de propiedades de calidad bajo demanda a todos los propietarios e inversores que poseen una propiedad como vivienda secundaria o inversi\u00f3n residencial en el \u00e1rea de Miami y desean, en el lugar, un contacto de confianza.<\/em><\/p>\n\n\n\n<p><strong><em>Servicios bajo demanda.<\/em><\/strong> Tanto si alquila su propiedad como si es su segunda residencia, BARNES ofrece una gama de servicios a la carta. <\/p>\n\n\n\n<p>Estamos aqu\u00ed para que sea f\u00e1cil y rentable ser propietario de una propiedad de alquiler centr\u00e1ndonos en las personas involucradas y no solo en los edificios. Claro que las propiedades requieren mantenimiento, por lo que adoptamos un enfoque proactivo y estamos bien equipados para manejar eso, pero tambi\u00e9n es un negocio de personas. Si su alquiler es un negocio, entonces los inquilinos son sus clientes, y la forma en que las empresas tratan a sus clientes marca la diferencia en el mundo. <\/p>\n\n\n\n<p>Al igual que usted, hemos sido due\u00f1os de propiedades de alquiler en Miami y sabemos que a veces puede ser un desaf\u00edo. Entendemos que las incertidumbres pueden causar ansiedad y nos damos cuenta de la confianza que implica el manejo de un activo tan importante. Ya sea que posea un solo condominio, una cartera grande o una casa secundaria, nuestro primer objetivo es escuchar y comprender su situaci\u00f3n, para que podamos brindarle una soluci\u00f3n integral para que tenga \u00e9xito en sus objetivos inmobiliarios. <\/p>","protected":false},"excerpt":{"rendered":"<p>About BARNES Property Management in Miami BARNES offers quality Property Management on demand services to all owners and investors owning a property as secondary home or residential investment in the Miami area and want, on site, trusted contact. Services on-demand. Whether your property is rented or your second home, BARNES offers a range of \u00e0 [&hellip;]<\/p>\n","protected":false},"author":1,"featured_media":0,"parent":0,"menu_order":0,"comment_status":"closed","ping_status":"closed","template":"","meta":[],"_links":{"self":[{"href":"https:\/\/pm.barnes-miami.com\/es\/wp-json\/wp\/v2\/pages\/84"}],"collection":[{"href":"https:\/\/pm.barnes-miami.com\/es\/wp-json\/wp\/v2\/pages"}],"about":[{"href":"https:\/\/pm.barnes-miami.com\/es\/wp-json\/wp\/v2\/types\/page"}],"author":[{"embeddable":true,"href":"https:\/\/pm.barnes-miami.com\/es\/wp-json\/wp\/v2\/users\/1"}],"replies":[{"embeddable":true,"href":"https:\/\/pm.barnes-miami.com\/es\/wp-json\/wp\/v2\/comments?post=84"}],"version-history":[{"count":7,"href":"https:\/\/pm.barnes-miami.com\/es\/wp-json\/wp\/v2\/pages\/84\/revisions"}],"predecessor-version":[{"id":325,"href":"https:\/\/pm.barnes-miami.com\/es\/wp-json\/wp\/v2\/pages\/84\/revisions\/325"}],"wp:attachment":[{"href":"https:\/\/pm.barnes-miami.com\/es\/wp-json\/wp\/v2\/media?parent=84"}],"curies":[{"name":"wp","href":"https:\/\/api.w.org\/{rel}","templated":true}]}}