{"id":82,"date":"2020-06-26T14:07:54","date_gmt":"2020-06-26T19:07:54","guid":{"rendered":"https:\/\/pm.barnes-miami.com\/?page_id=82"},"modified":"2022-05-26T15:11:37","modified_gmt":"2022-05-26T20:11:37","slug":"avoid-hassles-and-save-time","status":"publish","type":"page","link":"https:\/\/pm.barnes-miami.com\/es\/avoid-hassles-and-save-time\/","title":{"rendered":"Evite molestias y ahorre tiempo"},"content":{"rendered":"<blockquote class=\"wp-block-quote\"><p><em>Evite los problemas de la propiedad de alquiler<\/em><\/p><\/blockquote>\n\n\n\n<p>La gesti\u00f3n de propiedades de alquiler es un negocio las 24 horas del d\u00eda, los 7 d\u00edas de la semana, y a menudo requiere trabajar fuera de horario en momentos inconvenientes. Adem\u00e1s, requiere conocimientos, licencias y seguros para garantizar el cumplimiento de las regulaciones locales, estatales y federales. <\/p>\n\n\n\n<p>Mostrar propiedades a posibles inquilinos, manejar emergencias de inquilinos y llamadas telef\u00f3nicas nocturnas y atender problemas de mantenimiento, es lo que hacemos todos los d\u00edas. <\/p>\n\n\n\n<p>Property Management le brinda la tranquilidad de saber que los profesionales se ocupan de la propiedad, sin interrumpir su vida diaria.  <\/p>\n\n\n\n<figure class=\"wp-block-image size-large\"><img decoding=\"async\" loading=\"lazy\" width=\"1019\" height=\"410\" src=\"https:\/\/pm.barnes-miami.com\/wp-content\/uploads\/2020\/08\/Screen-Shot-2020-08-14-at-16.31.50-1.png\" alt=\"\" class=\"wp-image-129\" srcset=\"https:\/\/pm.barnes-miami.com\/wp-content\/uploads\/2020\/08\/Screen-Shot-2020-08-14-at-16.31.50-1.png 1019w, https:\/\/pm.barnes-miami.com\/wp-content\/uploads\/2020\/08\/Screen-Shot-2020-08-14-at-16.31.50-1-300x121.png 300w, https:\/\/pm.barnes-miami.com\/wp-content\/uploads\/2020\/08\/Screen-Shot-2020-08-14-at-16.31.50-1-768x309.png 768w\" sizes=\"(max-width: 1019px) 100vw, 1019px\" \/><\/figure>\n\n\n\n<blockquote class=\"wp-block-quote\"><p><em>Mant\u00e9ngase informado al 100% sobre sus propiedades las 24 horas del d\u00eda, los 7 d\u00edas de la semana, est\u00e9 donde est\u00e9. <\/em><\/p><\/blockquote>\n\n\n\n<p>Nuestro software de administraci\u00f3n de propiedades lo ayuda a mantenerse informado<\/p>\n\n\n\n<p>Queremos que est\u00e9 satisfecho con el servicio que brindamos. Nuestro software de administraci\u00f3n de propiedades lo ayuda a mantenerse informado en cada paso del camino. Usted sabe cu\u00e1ndo se alquila su propiedad, cu\u00e1ndo se cobra el alquiler, cu\u00e1ndo se est\u00e1 desalojando a un inquilino y cu\u00e1ndo se necesitan reparaciones o mantenimiento importantes, todo en l\u00ednea. <\/p>\n\n\n\n<p>Lo m\u00e1s importante es que tiene acceso las 24 horas del d\u00eda a la informaci\u00f3n sobre su propiedad desde cualquier lugar del mundo a trav\u00e9s de su cuenta personal de software de administraci\u00f3n de propiedades en l\u00ednea. El software le permite verificar el estado de su propiedad, ver notificaciones importantes, acceder a estados financieros mensuales, acceder a fotos, detalles de inspecci\u00f3n, actividad de mantenimiento y mucho m\u00e1s. <\/p>\n\n\n\n<p>Ya sea que viva a la vuelta de la esquina o en todo el mundo, puede mantenerse informado de lo que est\u00e1 sucediendo. <\/p>\n\n\n\n<p><\/p>","protected":false},"excerpt":{"rendered":"<p>Avoid Rental Property Hassles Managing rental properties is 24\/7 business, often requiring after hours work at inconvenient times. Plus, it requires knowledge, licensing and insurance to ensure compliance with local, state and federal regulations. Showing properties to prospective tenants, handling tenant emergencies and late night phone calls, and attending to maintenance issues &#8211; it&#8217;s what [&hellip;]<\/p>\n","protected":false},"author":1,"featured_media":0,"parent":0,"menu_order":0,"comment_status":"closed","ping_status":"closed","template":"","meta":[],"_links":{"self":[{"href":"https:\/\/pm.barnes-miami.com\/es\/wp-json\/wp\/v2\/pages\/82"}],"collection":[{"href":"https:\/\/pm.barnes-miami.com\/es\/wp-json\/wp\/v2\/pages"}],"about":[{"href":"https:\/\/pm.barnes-miami.com\/es\/wp-json\/wp\/v2\/types\/page"}],"author":[{"embeddable":true,"href":"https:\/\/pm.barnes-miami.com\/es\/wp-json\/wp\/v2\/users\/1"}],"replies":[{"embeddable":true,"href":"https:\/\/pm.barnes-miami.com\/es\/wp-json\/wp\/v2\/comments?post=82"}],"version-history":[{"count":3,"href":"https:\/\/pm.barnes-miami.com\/es\/wp-json\/wp\/v2\/pages\/82\/revisions"}],"predecessor-version":[{"id":177,"href":"https:\/\/pm.barnes-miami.com\/es\/wp-json\/wp\/v2\/pages\/82\/revisions\/177"}],"wp:attachment":[{"href":"https:\/\/pm.barnes-miami.com\/es\/wp-json\/wp\/v2\/media?parent=82"}],"curies":[{"name":"wp","href":"https:\/\/api.w.org\/{rel}","templated":true}]}}