{"id":77,"date":"2020-06-25T14:19:56","date_gmt":"2020-06-25T19:19:56","guid":{"rendered":"https:\/\/pm.barnes-miami.com\/?page_id=77"},"modified":"2020-08-18T13:31:06","modified_gmt":"2020-08-18T18:31:06","slug":"maximize-your-rental-propertys-return-on-investment","status":"publish","type":"page","link":"https:\/\/pm.barnes-miami.com\/es\/why-barnes\/maximize-your-rental-propertys-return-on-investment\/","title":{"rendered":"Maximice el retorno de la inversi\u00f3n de su propiedad de alquiler"},"content":{"rendered":"<blockquote class=\"wp-block-quote\"><p><em>Conserva tu propiedad<\/em><\/p><\/blockquote>\n\n\n\n<p>Cuidar su propiedad es m\u00e1s que pagarle a un administrador de la propiedad para que la vigile. Nuestro objetivo es proteger su inversi\u00f3n y hacer que usted obtenga la mayor cantidad de dinero en alquileres m\u00e1s altos y atraer inquilinos que se encargar\u00e1n de su hogar. Tambi\u00e9n realizamos evaluaciones de mudanza e inspecciones frecuentes para asegurarnos de que su hogar se mantenga en buenas condiciones. <\/p>\n\n\n\n<p>Ahorramos tiempo y dinero a nuestros clientes con un mantenimiento confiable y rentable a trav\u00e9s de sistemas internos y utilizamos nuestros proveedores preferidos exclusivos. <\/p>\n\n\n\n<figure class=\"wp-block-image size-large\"><img decoding=\"async\" loading=\"lazy\" width=\"971\" height=\"425\" src=\"https:\/\/pm.barnes-miami.com\/wp-content\/uploads\/2020\/08\/Screen-Shot-2020-08-14-at-16.28.11.png\" alt=\"\" class=\"wp-image-122\" srcset=\"https:\/\/pm.barnes-miami.com\/wp-content\/uploads\/2020\/08\/Screen-Shot-2020-08-14-at-16.28.11.png 971w, https:\/\/pm.barnes-miami.com\/wp-content\/uploads\/2020\/08\/Screen-Shot-2020-08-14-at-16.28.11-300x131.png 300w, https:\/\/pm.barnes-miami.com\/wp-content\/uploads\/2020\/08\/Screen-Shot-2020-08-14-at-16.28.11-768x336.png 768w\" sizes=\"(max-width: 971px) 100vw, 971px\" \/><\/figure>\n\n\n\n<blockquote class=\"wp-block-quote\"><p><em>Vacantes m\u00e1s breves e inquilinos de calidad<\/em><\/p><\/blockquote>\n\n\n\n<p>Por cada d\u00eda que una propiedad est\u00e1 desocupada, es dinero de su bolsillo. Nuestro equipo de bienes ra\u00edces pas\u00f3 tiempo y dedicaci\u00f3n con nuestro equipo de marketing para anunciar sus propiedades y alquilarlas m\u00e1s r\u00e1pido. Examinamos minuciosamente a los inquilinos para hacer todo lo posible por encontrar inquilinos confiables que paguen el alquiler a tiempo y traten su casa como si fuera suya. <\/p>\n\n\n\n<p>Cuando son necesarios cobros y desalojos, nos aseguramos de que el proceso se complete lo m\u00e1s r\u00e1pido posible, al tiempo que nos aseguramos de que se sigan todas las leyes y c\u00f3digos y no se pierda ning\u00fan paso. <\/p>","protected":false},"excerpt":{"rendered":"<p>Preserve your property Taking care of your property is more than just paying a property manager to watch over it. Our goal is to protect your investment and make you the most money higher rent and attract tenants who will take care of your home. We also conduct move-in assessments and frequent inspections to make [&hellip;]<\/p>\n","protected":false},"author":1,"featured_media":0,"parent":73,"menu_order":0,"comment_status":"closed","ping_status":"closed","template":"","meta":[],"_links":{"self":[{"href":"https:\/\/pm.barnes-miami.com\/es\/wp-json\/wp\/v2\/pages\/77"}],"collection":[{"href":"https:\/\/pm.barnes-miami.com\/es\/wp-json\/wp\/v2\/pages"}],"about":[{"href":"https:\/\/pm.barnes-miami.com\/es\/wp-json\/wp\/v2\/types\/page"}],"author":[{"embeddable":true,"href":"https:\/\/pm.barnes-miami.com\/es\/wp-json\/wp\/v2\/users\/1"}],"replies":[{"embeddable":true,"href":"https:\/\/pm.barnes-miami.com\/es\/wp-json\/wp\/v2\/comments?post=77"}],"version-history":[{"count":4,"href":"https:\/\/pm.barnes-miami.com\/es\/wp-json\/wp\/v2\/pages\/77\/revisions"}],"predecessor-version":[{"id":176,"href":"https:\/\/pm.barnes-miami.com\/es\/wp-json\/wp\/v2\/pages\/77\/revisions\/176"}],"up":[{"embeddable":true,"href":"https:\/\/pm.barnes-miami.com\/es\/wp-json\/wp\/v2\/pages\/73"}],"wp:attachment":[{"href":"https:\/\/pm.barnes-miami.com\/es\/wp-json\/wp\/v2\/media?parent=77"}],"curies":[{"name":"wp","href":"https:\/\/api.w.org\/{rel}","templated":true}]}}