{"id":73,"date":"2020-06-25T14:04:28","date_gmt":"2020-06-25T19:04:28","guid":{"rendered":"https:\/\/pm.barnes-miami.com\/?page_id=73"},"modified":"2022-05-26T16:41:25","modified_gmt":"2022-05-26T21:41:25","slug":"why-barnes","status":"publish","type":"page","link":"https:\/\/pm.barnes-miami.com\/es\/why-barnes\/","title":{"rendered":"Sobre nosotros"},"content":{"rendered":"<div class=\"wp-block-image\"><figure class=\"alignright size-large is-resized\"><img decoding=\"async\" loading=\"lazy\" src=\"https:\/\/pm.barnes-miami.com\/wp-content\/uploads\/2022\/05\/image.png\" alt=\"\" class=\"wp-image-327\" width=\"592\" height=\"475\"\/><\/figure><\/div>\n\n\n\n<p>Fundado por Heidi Barnes y presidido por Thibault de Saint Vincent<\/p>\n\n\n\n<p>BARNES tiene 25 a\u00f1os de experiencia en Francia y en el extranjero<\/p>\n\n\n\n<p>Est\u00e1 presente en m\u00e1s de 60 destinos excepcionales:<br>desde las ciudades internacionales m\u00e1s grandes hasta los resorts m\u00e1s hermosos<\/p>\n\n\n\n<p class=\"has-text-align-center\"><strong><span style=\"color:#b4002f\" class=\"has-inline-color\">Nuestra experiencia incluye:<\/span><\/strong><\/p>\n\n\n\n<ul><li>Venta de apartamentos, casas y villas y mansiones privadas.<\/li><\/ul>\n\n\n\n<ul><li>Venta de fincas, castillos, yeguadas y fincas ecuestres, y caza.<\/li><\/ul>\n\n\n\n<ul><li>Venta de nuevos programas nacionales e internacionales.<\/li><\/ul>\n\n\n\n<ul><li>Venta de inmuebles (block, cut-out, de pasada), oficinas y locales comerciales.<\/li><\/ul>\n\n\n\n<ul><li>Hoteles y residencias.<\/li><\/ul>\n\n\n\n<ul><li>Alquileres.<\/li><\/ul>\n\n\n\n<p><\/p>\n\n\n\n<p class=\"has-text-align-center\"><strong><span style=\"color:#b4002f\" class=\"has-inline-color\">Otros servicios personalizados adicionales:<\/span><\/strong><\/p>\n\n\n\n<p>BARNES Vineyards Investment Especializados en transacciones de propiedades de vi\u00f1edos (auditor\u00eda de producci\u00f3n, gesti\u00f3n y comercializaci\u00f3n, valoraci\u00f3n del dominio e intermediaci\u00f3n en la transacci\u00f3n). Los equipos ofrecen una amplia selecci\u00f3n de dominios de calidad y diversos servicios de asesoramiento y apoyo en la gesti\u00f3n de fincas vitivin\u00edcolas.<\/p>\n\n\n\n<p>BARNES Art Advisory Especializado en el asesoramiento en la adquisici\u00f3n y venta de obras de arte, as\u00ed como en la Gesti\u00f3n del Patrimonio Art\u00edstico (seguros, inventario, almacenaje, transporte, fiscalidad, restauraci\u00f3n).<\/p>\n\n\n\n<p>BARNES Interiors -&gt; BARNES se asocia con la startup hemea para crear BARNES Interiors, un servicio de arquitectura y reformas.<\/p>\n\n\n\n<p>BARNES Yachts Especializados en alquileres de temporada en todos los mares, adquisiciones y ventas de yates, nuevas construcciones o \u00abgesti\u00f3n de yates\u00bb.<\/p>\n\n\n\n<p>BARNES IXAIR -&gt; BARNES y el principal actor de la aviaci\u00f3n privada iXAir lanzan un servicio dedicado a la aviaci\u00f3n comercial.<\/p>","protected":false},"excerpt":{"rendered":"<p>Founded by Heidi Barnes and chaired by Thibault de Saint Vincent BARNES has 25 years of expertise in France and abroad It is present in over 60 exceptional destinations:from the biggest international cities to the most beautiful resorts Our expertise include: Sale of apartments, houses &amp; villas and private mansions. Sale of country properties, castles, [&hellip;]<\/p>\n","protected":false},"author":1,"featured_media":0,"parent":0,"menu_order":0,"comment_status":"closed","ping_status":"closed","template":"","meta":[],"_links":{"self":[{"href":"https:\/\/pm.barnes-miami.com\/es\/wp-json\/wp\/v2\/pages\/73"}],"collection":[{"href":"https:\/\/pm.barnes-miami.com\/es\/wp-json\/wp\/v2\/pages"}],"about":[{"href":"https:\/\/pm.barnes-miami.com\/es\/wp-json\/wp\/v2\/types\/page"}],"author":[{"embeddable":true,"href":"https:\/\/pm.barnes-miami.com\/es\/wp-json\/wp\/v2\/users\/1"}],"replies":[{"embeddable":true,"href":"https:\/\/pm.barnes-miami.com\/es\/wp-json\/wp\/v2\/comments?post=73"}],"version-history":[{"count":15,"href":"https:\/\/pm.barnes-miami.com\/es\/wp-json\/wp\/v2\/pages\/73\/revisions"}],"predecessor-version":[{"id":337,"href":"https:\/\/pm.barnes-miami.com\/es\/wp-json\/wp\/v2\/pages\/73\/revisions\/337"}],"wp:attachment":[{"href":"https:\/\/pm.barnes-miami.com\/es\/wp-json\/wp\/v2\/media?parent=73"}],"curies":[{"name":"wp","href":"https:\/\/api.w.org\/{rel}","templated":true}]}}