{"id":37,"date":"2020-01-30T23:08:49","date_gmt":"2020-01-31T04:08:49","guid":{"rendered":"https:\/\/pm.barnes-miami.com\/?page_id=37"},"modified":"2021-01-22T13:40:14","modified_gmt":"2021-01-22T18:40:14","slug":"contact","status":"publish","type":"page","link":"https:\/\/pm.barnes-miami.com\/es\/contact\/","title":{"rendered":"Contacto"},"content":{"rendered":"<div class=\"wp-block-barnes-blocks-contactme-en\"><div class=\"contactme_wrapper\"><h3>Cont\u00e1ctenos<\/h3><form action=\"\"><div class=\"form-group\"><input type=\"text\" value=\"\" name=\"name\" pattern=\".{4,}\"\/><label>Nombre *<\/label><\/div><div class=\"form-group\"><input type=\"text\" value=\"\" name=\"email\" pattern=\".{4,}\"\/><label>Email *<\/label><\/div><div class=\"form-group\"><input type=\"text\" value=\"\" name=\"phone\" pattern=\".{8,}\"\/><label>Tel\u00e9fono *<\/label><\/div><div class=\"form-group\"><textarea name=\"message\"><\/textarea><label>Mensaje<\/label><\/div><div><input type=\"hidden\" name=\"referral\" class=\"referral\" value=\"pm.barnes-miami.com\/contact\"\/><input type=\"hidden\" name=\"phoneto\" class=\"phoneto\"\/><input type=\"hidden\" name=\"emailto\" class=\"emailto\" value=\"miami.pm@barnes-international.com\"\/><button class=\"contactme_btn\">Enviar<\/button><\/div><input type=\"hidden\" name=\"trp-form-language\" value=\"es\"\/><\/form><\/div><\/div>\n\n\n\n<div class=\"wp-block-barnes-blocks-newsletter-en\"><div class=\"newsletter_wrapper\"><h3>Suscr\u00edbete a nuestro bolet\u00edn<\/h3><form action=\"\"><div class=\"form-group\"><input type=\"text\" value=\"\" name=\"email\" pattern=\".{4,}\"\/><label>Tu correo electr\u00f3nico<\/label><\/div><div><button class=\"newsletter_btn\">Enviar<\/button><\/div><input type=\"hidden\" name=\"trp-form-language\" value=\"es\"\/><\/form><\/div><\/div>\n\n\n\n<p><\/p>","protected":false},"excerpt":{"rendered":"<p>Cont\u00e1ctenos Nombre * Correo electr\u00f3nico * Tel\u00e9fono * Mensaje Enviar<\/p>","protected":false},"author":1,"featured_media":0,"parent":0,"menu_order":0,"comment_status":"closed","ping_status":"closed","template":"","meta":[],"_links":{"self":[{"href":"https:\/\/pm.barnes-miami.com\/es\/wp-json\/wp\/v2\/pages\/37"}],"collection":[{"href":"https:\/\/pm.barnes-miami.com\/es\/wp-json\/wp\/v2\/pages"}],"about":[{"href":"https:\/\/pm.barnes-miami.com\/es\/wp-json\/wp\/v2\/types\/page"}],"author":[{"embeddable":true,"href":"https:\/\/pm.barnes-miami.com\/es\/wp-json\/wp\/v2\/users\/1"}],"replies":[{"embeddable":true,"href":"https:\/\/pm.barnes-miami.com\/es\/wp-json\/wp\/v2\/comments?post=37"}],"version-history":[{"count":6,"href":"https:\/\/pm.barnes-miami.com\/es\/wp-json\/wp\/v2\/pages\/37\/revisions"}],"predecessor-version":[{"id":215,"href":"https:\/\/pm.barnes-miami.com\/es\/wp-json\/wp\/v2\/pages\/37\/revisions\/215"}],"wp:attachment":[{"href":"https:\/\/pm.barnes-miami.com\/es\/wp-json\/wp\/v2\/media?parent=37"}],"curies":[{"name":"wp","href":"https:\/\/api.w.org\/{rel}","templated":true}]}}