{"id":232,"date":"2022-02-16T17:25:41","date_gmt":"2022-02-16T22:25:41","guid":{"rendered":"https:\/\/pm.barnes-miami.com\/?page_id=232"},"modified":"2022-02-25T15:33:08","modified_gmt":"2022-02-25T20:33:08","slug":"global-services","status":"publish","type":"page","link":"https:\/\/pm.barnes-miami.com\/es\/global-services\/","title":{"rendered":"Servicios globales"},"content":{"rendered":"<div class=\"wp-block-image\"><figure class=\"alignright size-large is-resized\"><img decoding=\"async\" loading=\"lazy\" src=\"https:\/\/pm.barnes-miami.com\/wp-content\/uploads\/2022\/02\/223042509.jpg\" alt=\"\" class=\"wp-image-256\" width=\"420\" height=\"279\" srcset=\"https:\/\/pm.barnes-miami.com\/wp-content\/uploads\/2022\/02\/223042509.jpg 1024w, https:\/\/pm.barnes-miami.com\/wp-content\/uploads\/2022\/02\/223042509-300x200.jpg 300w, https:\/\/pm.barnes-miami.com\/wp-content\/uploads\/2022\/02\/223042509-768x512.jpg 768w, https:\/\/pm.barnes-miami.com\/wp-content\/uploads\/2022\/02\/223042509-18x12.jpg 18w\" sizes=\"(max-width: 420px) 100vw, 420px\" \/><\/figure><\/div>\n\n\n\n<ul id=\"block-929b331d-d602-400b-a892-a46f50a3342e\"><li><strong>Contador<\/strong>: Barnes recomienda encarecidamente a los clientes que elijan un contador p\u00fablico local que preparar\u00e1 las declaraciones de impuestos para el Departamento de Impuestos de EE. UU.: el IRS (Servicio de Impuestos Internos). Su contador tambi\u00e9n deber\u00e1 trabajar en estrecha colaboraci\u00f3n con el abogado que incorpor\u00f3 su entidad legal si elige comprar a trav\u00e9s de una corporaci\u00f3n.<br>Gracias a su ubicaci\u00f3n de m\u00e1s de 10 a\u00f1os en Miami,&nbsp;<a href=\"https:\/\/www.barnes-miami.com\/en\/presentation-de-barnes-miami\/\">Barnes<\/a>&nbsp;est\u00e1 en condiciones de ofrecerle firmas contables americanas o franc\u00f3fonas, conociendo los intereses de su inversi\u00f3n en su pa\u00eds de origen.<\/li><\/ul>\n\n\n\n<p>Luego, Barnes cooperar\u00e1 con este contador durante toda la gesti\u00f3n de la propiedad, proporcion\u00e1ndole toda la informaci\u00f3n necesaria para las declaraciones, as\u00ed como los documentos de respaldo: diario contable (ingresos y gastos), copias de facturas, etc.<\/p>\n\n\n\n<div class=\"wp-block-image\"><figure class=\"alignleft size-large is-resized\"><img decoding=\"async\" loading=\"lazy\" src=\"https:\/\/pm.barnes-miami.com\/wp-content\/uploads\/2022\/02\/1585510759-af0faa0d9cc19b80933b4ac8554d587c-1024x683-2.jpg\" alt=\"\" class=\"wp-image-268\" width=\"348\" height=\"232\" srcset=\"https:\/\/pm.barnes-miami.com\/wp-content\/uploads\/2022\/02\/1585510759-af0faa0d9cc19b80933b4ac8554d587c-1024x683-2.jpg 1024w, https:\/\/pm.barnes-miami.com\/wp-content\/uploads\/2022\/02\/1585510759-af0faa0d9cc19b80933b4ac8554d587c-1024x683-2-300x200.jpg 300w, https:\/\/pm.barnes-miami.com\/wp-content\/uploads\/2022\/02\/1585510759-af0faa0d9cc19b80933b4ac8554d587c-1024x683-2-768x512.jpg 768w, https:\/\/pm.barnes-miami.com\/wp-content\/uploads\/2022\/02\/1585510759-af0faa0d9cc19b80933b4ac8554d587c-1024x683-2-18x12.jpg 18w\" sizes=\"(max-width: 348px) 100vw, 348px\" \/><\/figure><\/div>\n\n\n\n<ul id=\"block-5a9f43d2-f308-4055-bc5c-bfe9eb3e085f\"><li><strong>Domiciliaci\u00f3n<\/strong> de su propiedad y \/ o su empresa a la direcci\u00f3n postal de Barnes para que podamos recibir todo su correo y brindarle informaci\u00f3n importante: Ciudad, Florida, correo del IRS (departamento de impuestos), su asociaci\u00f3n (copropiedad) y otros.<\/li><\/ul>\n\n\n\n<p><\/p>\n\n\n\n<ul id=\"block-012d6cbb-319a-4daa-9a51-654d0a366375\"><li><strong>Seguro: <\/strong>Barnes trabaja con varios corredores de seguros (insurance brokers), quienes le ofrecer\u00e1n varias cotizaciones en diferentes compa\u00f1\u00edas de seguros, con cobertura suficiente de acuerdo a sus necesidades. En Florida, las cuatro p\u00f3lizas de seguro m\u00e1s comunes y recomendadas son: Seguro de propiedad cl\u00e1sico o \u201cseguro de propietario de vivienda\u201d: en caso de da\u00f1os por agua (fugas de plomer\u00eda) e incendio. La cobertura var\u00eda seg\u00fan el tipo de inmueble: apartamento\/condominio, casa, si la vivienda est\u00e1 vac\u00eda, ocupada por el propietario u ocupada por un inquilino.<\/li><li><em>seguro de huracanes<\/em>: generalmente integrado en el seguro de propiedad, cubre los da\u00f1os causados por eventos clim\u00e1ticos excepcionales como huracanes y tornados. Es muy recomendable en Florida, pero no es obligatorio si no tiene cr\u00e9dito. El nivel de franquicia es diferente para da\u00f1os causados por un hurac\u00e1n (cobertura m\u00e1xima %) o para un da\u00f1o cl\u00e1sico (deducible de suma global).&nbsp;<\/li><li><em>Seguro contra inundaciones:<\/em> solo para viviendas ubicadas en zonas inundables. No se requiere si no tiene un cr\u00e9dito.&nbsp;<\/li><li><em>Seguro de responsabilidad:<\/em> algunas veces incluido en el seguro de propiedad cl\u00e1sico, puede ser necesario adem\u00e1s de una cobertura m\u00ednima incluida en el seguro de propiedad para obtener una mejor protecci\u00f3n.<\/li><\/ul>\n\n\n\n<div class=\"wp-block-image\"><figure class=\"aligncenter size-large is-resized\"><img decoding=\"async\" loading=\"lazy\" src=\"https:\/\/pm.barnes-miami.com\/wp-content\/uploads\/2022\/02\/IMG_6559-1024x768.jpg\" alt=\"\" class=\"wp-image-266\" width=\"494\" height=\"371\" srcset=\"https:\/\/pm.barnes-miami.com\/wp-content\/uploads\/2022\/02\/IMG_6559-1024x768.jpg 1024w, https:\/\/pm.barnes-miami.com\/wp-content\/uploads\/2022\/02\/IMG_6559-300x225.jpg 300w, https:\/\/pm.barnes-miami.com\/wp-content\/uploads\/2022\/02\/IMG_6559-768x576.jpg 768w, https:\/\/pm.barnes-miami.com\/wp-content\/uploads\/2022\/02\/IMG_6559-16x12.jpg 16w, https:\/\/pm.barnes-miami.com\/wp-content\/uploads\/2022\/02\/IMG_6559.jpg 1366w\" sizes=\"(max-width: 494px) 100vw, 494px\" \/><\/figure><\/div>","protected":false},"excerpt":{"rendered":"<p>Accountant: Barnes strongly advises clients to choose a local public accountant who will prepare tax returns for the US Tax Department: the IRS (Internal Revenue Service). Your accountant will also need to work closely with the lawyer who incorporated your legal entity if you chose to buy through a corporation.Thanks to its location of more [&hellip;]<\/p>\n","protected":false},"author":1,"featured_media":0,"parent":0,"menu_order":0,"comment_status":"closed","ping_status":"closed","template":"","meta":[],"_links":{"self":[{"href":"https:\/\/pm.barnes-miami.com\/es\/wp-json\/wp\/v2\/pages\/232"}],"collection":[{"href":"https:\/\/pm.barnes-miami.com\/es\/wp-json\/wp\/v2\/pages"}],"about":[{"href":"https:\/\/pm.barnes-miami.com\/es\/wp-json\/wp\/v2\/types\/page"}],"author":[{"embeddable":true,"href":"https:\/\/pm.barnes-miami.com\/es\/wp-json\/wp\/v2\/users\/1"}],"replies":[{"embeddable":true,"href":"https:\/\/pm.barnes-miami.com\/es\/wp-json\/wp\/v2\/comments?post=232"}],"version-history":[{"count":13,"href":"https:\/\/pm.barnes-miami.com\/es\/wp-json\/wp\/v2\/pages\/232\/revisions"}],"predecessor-version":[{"id":306,"href":"https:\/\/pm.barnes-miami.com\/es\/wp-json\/wp\/v2\/pages\/232\/revisions\/306"}],"wp:attachment":[{"href":"https:\/\/pm.barnes-miami.com\/es\/wp-json\/wp\/v2\/media?parent=232"}],"curies":[{"name":"wp","href":"https:\/\/api.w.org\/{rel}","templated":true}]}}