{"id":154,"date":"2020-08-17T14:02:17","date_gmt":"2020-08-17T19:02:17","guid":{"rendered":"https:\/\/pm.barnes-miami.com\/?page_id=154"},"modified":"2022-05-26T16:09:33","modified_gmt":"2022-05-26T21:09:33","slug":"realtor-referral","status":"publish","type":"page","link":"https:\/\/pm.barnes-miami.com\/es\/realtor-referral\/","title":{"rendered":"REFERENCIA DE REALTOR"},"content":{"rendered":"<p class=\"has-text-align-center\"><strong><em>Perm\u00edtanos ser su socio en la gesti\u00f3n de propiedades<\/em><\/strong><\/p>\n\n\n\n<p>BARNES Miami ofrece tarifas de referencia a todos los agentes que remiten a sus clientes a nuestro Departamento de administraci\u00f3n de propiedades, puede beneficiarlo de $1,000\/a\u00f1o a $2,000\/a\u00f1o. Permite ampliar las conexiones, pero tambi\u00e9n generar una nueva fuente de ingresos para los dos. Como agente de bienes ra\u00edces, puede usar referencias para aumentar sus m\u00e1rgenes de ganancia.<\/p>\n\n\n\n<p>\u00a1Colaboremos y seamos socios!<\/p>\n\n\n\n<div class=\"wp-block-barnes-blocks-contact-en\"><div class=\"contact_wrapper\"><h3>Refiera a un cliente<\/h3><form action=\"\"><div class=\"form-group\"><input type=\"text\" value=\"\" name=\"name\" pattern=\".{4,}\"><label>Nombre*<\/label><\/div><div class=\"form-group\"><input type=\"text\" value=\"\" name=\"email\" pattern=\".{4,}\"><label>Email *<\/label><\/div><div class=\"form-group\"><input type=\"text\" value=\"\" name=\"phone\" pattern=\".{8,}\"><label>Tel\u00e9fono*<\/label><\/div><div class=\"form-group\"><textarea name=\"message\"><\/textarea><label>Mensaje<\/label><\/div><div><input type=\"hidden\" name=\"referral\" class=\"referral\"><button class=\"contact_btn\">Enviar<\/button><\/div><input type=\"hidden\" name=\"trp-form-language\" value=\"es\"\/><\/form><\/div><\/div>","protected":false},"excerpt":{"rendered":"<p>Let us be your partner in Property Management BARNES Miami offers Referral Fees to all agents who refer their clients to our Property Management Department, it can benefit you from $1,000\/year to $2,000\/year. It allows to expand connections but also to earn a new source of income for both of us. As a real estate [&hellip;]<\/p>\n","protected":false},"author":1,"featured_media":0,"parent":0,"menu_order":0,"comment_status":"closed","ping_status":"closed","template":"","meta":[],"_links":{"self":[{"href":"https:\/\/pm.barnes-miami.com\/es\/wp-json\/wp\/v2\/pages\/154"}],"collection":[{"href":"https:\/\/pm.barnes-miami.com\/es\/wp-json\/wp\/v2\/pages"}],"about":[{"href":"https:\/\/pm.barnes-miami.com\/es\/wp-json\/wp\/v2\/types\/page"}],"author":[{"embeddable":true,"href":"https:\/\/pm.barnes-miami.com\/es\/wp-json\/wp\/v2\/users\/1"}],"replies":[{"embeddable":true,"href":"https:\/\/pm.barnes-miami.com\/es\/wp-json\/wp\/v2\/comments?post=154"}],"version-history":[{"count":3,"href":"https:\/\/pm.barnes-miami.com\/es\/wp-json\/wp\/v2\/pages\/154\/revisions"}],"predecessor-version":[{"id":322,"href":"https:\/\/pm.barnes-miami.com\/es\/wp-json\/wp\/v2\/pages\/154\/revisions\/322"}],"wp:attachment":[{"href":"https:\/\/pm.barnes-miami.com\/es\/wp-json\/wp\/v2\/media?parent=154"}],"curies":[{"name":"wp","href":"https:\/\/api.w.org\/{rel}","templated":true}]}}